{"id":5491,"date":"2022-03-29T09:43:44","date_gmt":"2022-03-29T09:43:44","guid":{"rendered":"http:\/\/localhost\/wordpress\/?post_type=product&#038;p=5491"},"modified":"2022-06-22T13:00:58","modified_gmt":"2022-06-22T13:00:58","slug":"priest-service","status":"publish","type":"product","link":"https:\/\/marvpsru.org\/fr\/produit\/priest-service\/","title":{"rendered":"Service du pr\u00eatre"},"content":{"rendered":"<div class=\"woocommerce-product-details__short-description\">\n<p>La principale responsabilit\u00e9 des pr\u00eatres est de\u00a0<b>effectuer des pri\u00e8res quotidiennes (puja) au mandir local<\/b>. Pendant les f\u00eates hindoues, les \u00e9v\u00e9nements traditionnels tels que les mariages, la c\u00e9r\u00e9monie du fil sacr\u00e9, la repr\u00e9sentation d&#039; antyesti et les c\u00e9r\u00e9monies sp\u00e9ciales sp\u00e9cifiques \u00e0 la divinit\u00e9, les pr\u00eatres peuvent \u00eatre appel\u00e9s \u00e0 diriger des pujas.<\/p>\n<\/div>\n<form class=\"cart\" action=\"https:\/\/aryademo.starlinksolutions.xyz\/product\/priest-service\/\" enctype=\"multipart\/form-data\" method=\"post\" data-trp-original-action=\"https:\/\/aryademo.starlinksolutions.xyz\/product\/priest-service\/\">\n<div class=\"quantity\"><\/div>\n<input type=\"hidden\" name=\"trp-form-language\" value=\"fr\"\/><\/form>","protected":false},"excerpt":{"rendered":"<p>Priests\u2019 primary responsibility is to\u00a0conduct daily prayers (puja) at the local mandir. During Hindu festivals, traditional events such as weddings, the sacred thread ceremony, performance of antyesti, and special deity-specific [&hellip;]<\/p>","protected":false},"featured_media":5492,"template":"","meta":{"_uag_custom_page_level_css":"","site-sidebar-layout":"default","site-content-layout":"default","ast-site-content-layout":"default","site-content-style":"default","site-sidebar-style":"default","ast-global-header-display":"","ast-banner-title-visibility":"","ast-main-header-display":"","ast-hfb-above-header-display":"","ast-hfb-below-header-display":"","ast-hfb-mobile-header-display":"","site-post-title":"","ast-breadcrumbs-content":"","ast-featured-img":"","footer-sml-layout":"","theme-transparent-header-meta":"","adv-header-id-meta":"","stick-header-meta":"","header-above-stick-meta":"","header-main-stick-meta":"","header-below-stick-meta":"","astra-migrate-meta-layouts":"default","ast-page-background-enabled":"default","ast-page-background-meta":{"desktop":{"background-color":"","background-image":"","background-repeat":"repeat","background-position":"center center","background-size":"auto","background-attachment":"scroll","background-type":"","background-media":"","overlay-type":"","overlay-color":"","overlay-opacity":"","overlay-gradient":""},"tablet":{"background-color":"","background-image":"","background-repeat":"repeat","background-position":"center center","background-size":"auto","background-attachment":"scroll","background-type":"","background-media":"","overlay-type":"","overlay-color":"","overlay-opacity":"","overlay-gradient":""},"mobile":{"background-color":"","background-image":"","background-repeat":"repeat","background-position":"center center","background-size":"auto","background-attachment":"scroll","background-type":"","background-media":"","overlay-type":"","overlay-color":"","overlay-opacity":"","overlay-gradient":""}},"ast-content-background-meta":{"desktop":{"background-color":"var(--ast-global-color-5)","background-image":"","background-repeat":"repeat","background-position":"center center","background-size":"auto","background-attachment":"scroll","background-type":"","background-media":"","overlay-type":"","overlay-color":"","overlay-opacity":"","overlay-gradient":""},"tablet":{"background-color":"var(--ast-global-color-5)","background-image":"","background-repeat":"repeat","background-position":"center center","background-size":"auto","background-attachment":"scroll","background-type":"","background-media":"","overlay-type":"","overlay-color":"","overlay-opacity":"","overlay-gradient":""},"mobile":{"background-color":"var(--ast-global-color-5)","background-image":"","background-repeat":"repeat","background-position":"center center","background-size":"auto","background-attachment":"scroll","background-type":"","background-media":"","overlay-type":"","overlay-color":"","overlay-opacity":"","overlay-gradient":""}}},"product_brand":[],"product_cat":[56],"product_tag":[],"class_list":{"0":"post-5491","1":"product","2":"type-product","3":"status-publish","4":"has-post-thumbnail","6":"product_cat-booking","7":"yith_booking_service-bhajan","8":"yith_booking_service-kirtan","9":"yith_booking_service-priest-service","10":"yith_booking_service-yaj","11":"desktop-align-left","12":"tablet-align-left","13":"mobile-align-left","15":"first","16":"instock","17":"virtual","18":"sold-individually","19":"purchasable","20":"product-type-booking"},"uagb_featured_image_src":{"full":["https:\/\/marvpsru.org\/wp-content\/uploads\/2022\/03\/hawan-600x337-1.jpg",600,337,false],"thumbnail":["https:\/\/marvpsru.org\/wp-content\/uploads\/2022\/03\/hawan-600x337-1-150x150.jpg",150,150,true],"medium":["https:\/\/marvpsru.org\/wp-content\/uploads\/2022\/03\/hawan-600x337-1-300x169.jpg",300,169,true],"medium_large":["https:\/\/marvpsru.org\/wp-content\/uploads\/2022\/03\/hawan-600x337-1.jpg",600,337,false],"large":["https:\/\/marvpsru.org\/wp-content\/uploads\/2022\/03\/hawan-600x337-1.jpg",600,337,false],"1536x1536":["https:\/\/marvpsru.org\/wp-content\/uploads\/2022\/03\/hawan-600x337-1.jpg",600,337,false],"2048x2048":["https:\/\/marvpsru.org\/wp-content\/uploads\/2022\/03\/hawan-600x337-1.jpg",600,337,false],"trp-custom-language-flag":["https:\/\/marvpsru.org\/wp-content\/uploads\/2022\/03\/hawan-600x337-1-18x10.jpg",18,10,true],"woocommerce_thumbnail":["https:\/\/marvpsru.org\/wp-content\/uploads\/2022\/03\/hawan-600x337-1-300x300.jpg",300,300,true],"woocommerce_single":["https:\/\/marvpsru.org\/wp-content\/uploads\/2022\/03\/hawan-600x337-1.jpg",600,337,false],"woocommerce_gallery_thumbnail":["https:\/\/marvpsru.org\/wp-content\/uploads\/2022\/03\/hawan-600x337-1-100x100.jpg",100,100,true]},"uagb_author_info":{"display_name":"admin","author_link":"https:\/\/marvpsru.org\/fr\/author\/"},"uagb_comment_info":0,"uagb_excerpt":"Priests\u2019 primary responsibility is to\u00a0conduct daily prayers (puja) at the local mandir. During Hindu festivals, traditional events such as weddings, the sacred thread ceremony, performance of antyesti, and special deity-specific [&hellip;]","_links":{"self":[{"href":"https:\/\/marvpsru.org\/fr\/wp-json\/wp\/v2\/product\/5491","targetHints":{"allow":["GET"]}}],"collection":[{"href":"https:\/\/marvpsru.org\/fr\/wp-json\/wp\/v2\/product"}],"about":[{"href":"https:\/\/marvpsru.org\/fr\/wp-json\/wp\/v2\/types\/product"}],"wp:featuredmedia":[{"embeddable":true,"href":"https:\/\/marvpsru.org\/fr\/wp-json\/wp\/v2\/media\/5492"}],"wp:attachment":[{"href":"https:\/\/marvpsru.org\/fr\/wp-json\/wp\/v2\/media?parent=5491"}],"wp:term":[{"taxonomy":"product_brand","embeddable":true,"href":"https:\/\/marvpsru.org\/fr\/wp-json\/wp\/v2\/product_brand?post=5491"},{"taxonomy":"product_cat","embeddable":true,"href":"https:\/\/marvpsru.org\/fr\/wp-json\/wp\/v2\/product_cat?post=5491"},{"taxonomy":"product_tag","embeddable":true,"href":"https:\/\/marvpsru.org\/fr\/wp-json\/wp\/v2\/product_tag?post=5491"}],"curies":[{"name":"wp","href":"https:\/\/api.w.org\/{rel}","templated":true}]}}