{"id":5395,"date":"2022-03-29T07:49:34","date_gmt":"2022-03-29T07:49:34","guid":{"rendered":"http:\/\/localhost\/wordpress\/?post_type=product&#038;p=5395"},"modified":"2022-10-18T12:12:06","modified_gmt":"2022-10-18T12:12:06","slug":"sunrise-hall","status":"publish","type":"product","link":"https:\/\/marvpsru.org\/fr\/produit\/sunrise-hall\/","title":{"rendered":"Salle du lever du soleil"},"content":{"rendered":"<div class=\"m8h3af8h l7ghb35v kjdc1dyq kmwttqpk gh25dzvf n3t5jt4f\">\n<div dir=\"auto\">MARVPS pr\u00e9sente fi\u00e8rement le Sunrise Hall r\u00e9cemment r\u00e9nov\u00e9, le lieu id\u00e9al pour les mariages, les r\u00e9ceptions, les anniversaires, les fian\u00e7ailles, les s\u00e9minaires, etc\u2026<span style=\"font-size: 16px;\"><br \/>\nPour plus de d\u00e9tails concernant les prix et les prestations (Traiteur, D\u00e9corations, etc.), merci de nous laisser un message ou de nous appeler au 212 1038 ou 5754 0994. <\/span><\/div>\n<div dir=\"auto\"><span style=\"font-size: 16px;\">Nous proposons \u00e9galement des visites de sites, alors pourquoi ne pas r\u00e9server une visite maintenant et r\u00e9server votre espace rapidement ! <\/span><span style=\"font-size: 16px;\"><br \/>\nNous sommes id\u00e9alement situ\u00e9s sur Coastal Road, Belle Mare, \u00e0 10 min de Flacq (google map ci-joint), et \u00e9quip\u00e9s de toutes les commodit\u00e9s n\u00e9cessaires pour faire de votre f\u00eate\/\u00e9v\u00e9nement un succ\u00e8s.<\/span><\/div>\n<\/div>\n<div class=\"l7ghb35v kjdc1dyq kmwttqpk gh25dzvf jikcssrz n3t5jt4f\">\n<div dir=\"auto\"><\/div>\n<\/div>\n<div class=\"l7ghb35v kjdc1dyq kmwttqpk gh25dzvf jikcssrz n3t5jt4f\">\n<div dir=\"auto\"><a class=\"qi72231t nu7423ey n3hqoq4p r86q59rh b3qcqh3k fq87ekyn bdao358l fsf7x5fv rse6dlih s5oniofx m8h3af8h l7ghb35v kjdc1dyq kmwttqpk srn514ro oxkhqvkx rl78xhln nch0832m cr00lzj9 rn8ck1ys s3jn8y49 icdlwmnq cxfqmxzd d1w2l3lo tes86rjd\" tabindex=\"0\" role=\"link\" href=\"https:\/\/www.facebook.com\/hashtag\/sunrisehall?__eep__=6&amp;__cft__[0]=AZWYNOx2B5qSxDeKMEj03ke6hkDhWf6Mg_DfwTBUzFR5IDEoxMTHE6xiAjJfGDsylFD6wiBYluoF2JhLSXHwAZEyf-t_iS4Nm005q4hcipqJtQmx6XDIvCmbG0WzgoDyc1U&amp;__tn__=*NK-R\">#SunriseHall<\/a>, Votre lieu exclusif pour les mariages, r\u00e9ceptions, conf\u00e9rences, anniversaires et fian\u00e7ailles. <a class=\"qi72231t nu7423ey n3hqoq4p r86q59rh b3qcqh3k fq87ekyn bdao358l fsf7x5fv rse6dlih s5oniofx m8h3af8h l7ghb35v kjdc1dyq kmwttqpk srn514ro oxkhqvkx rl78xhln nch0832m cr00lzj9 rn8ck1ys s3jn8y49 icdlwmnq cxfqmxzd d1w2l3lo tes86rjd\" tabindex=\"0\" role=\"link\" href=\"https:\/\/www.facebook.com\/hashtag\/wedding?__eep__=6&amp;__cft__[0]=AZWYNOx2B5qSxDeKMEj03ke6hkDhWf6Mg_DfwTBUzFR5IDEoxMTHE6xiAjJfGDsylFD6wiBYluoF2JhLSXHwAZEyf-t_iS4Nm005q4hcipqJtQmx6XDIvCmbG0WzgoDyc1U&amp;__tn__=*NK-R\">#mariage<\/a> <a class=\"qi72231t nu7423ey n3hqoq4p r86q59rh b3qcqh3k fq87ekyn bdao358l fsf7x5fv rse6dlih s5oniofx m8h3af8h l7ghb35v kjdc1dyq kmwttqpk srn514ro oxkhqvkx rl78xhln nch0832m cr00lzj9 rn8ck1ys s3jn8y49 icdlwmnq cxfqmxzd d1w2l3lo tes86rjd\" tabindex=\"0\" role=\"link\" href=\"https:\/\/www.facebook.com\/hashtag\/weddinghall?__eep__=6&amp;__cft__[0]=AZWYNOx2B5qSxDeKMEj03ke6hkDhWf6Mg_DfwTBUzFR5IDEoxMTHE6xiAjJfGDsylFD6wiBYluoF2JhLSXHwAZEyf-t_iS4Nm005q4hcipqJtQmx6XDIvCmbG0WzgoDyc1U&amp;__tn__=*NK-R\">#salle des mariages<\/a> <a class=\"qi72231t nu7423ey n3hqoq4p r86q59rh b3qcqh3k fq87ekyn bdao358l fsf7x5fv rse6dlih s5oniofx m8h3af8h l7ghb35v kjdc1dyq kmwttqpk srn514ro oxkhqvkx rl78xhln nch0832m cr00lzj9 rn8ck1ys s3jn8y49 icdlwmnq cxfqmxzd d1w2l3lo tes86rjd\" tabindex=\"0\" role=\"link\" href=\"https:\/\/www.facebook.com\/hashtag\/weddingvenue?__eep__=6&amp;__cft__[0]=AZWYNOx2B5qSxDeKMEj03ke6hkDhWf6Mg_DfwTBUzFR5IDEoxMTHE6xiAjJfGDsylFD6wiBYluoF2JhLSXHwAZEyf-t_iS4Nm005q4hcipqJtQmx6XDIvCmbG0WzgoDyc1U&amp;__tn__=*NK-R\">#weddinglieu<\/a> <a class=\"qi72231t nu7423ey n3hqoq4p r86q59rh b3qcqh3k fq87ekyn bdao358l fsf7x5fv rse6dlih s5oniofx m8h3af8h l7ghb35v kjdc1dyq kmwttqpk srn514ro oxkhqvkx rl78xhln nch0832m cr00lzj9 rn8ck1ys s3jn8y49 icdlwmnq cxfqmxzd d1w2l3lo tes86rjd\" tabindex=\"0\" role=\"link\" href=\"https:\/\/www.facebook.com\/hashtag\/event?__eep__=6&amp;__cft__[0]=AZWYNOx2B5qSxDeKMEj03ke6hkDhWf6Mg_DfwTBUzFR5IDEoxMTHE6xiAjJfGDsylFD6wiBYluoF2JhLSXHwAZEyf-t_iS4Nm005q4hcipqJtQmx6XDIvCmbG0WzgoDyc1U&amp;__tn__=*NK-R\">#event<\/a> <a class=\"qi72231t nu7423ey n3hqoq4p r86q59rh b3qcqh3k fq87ekyn bdao358l fsf7x5fv rse6dlih s5oniofx m8h3af8h l7ghb35v kjdc1dyq kmwttqpk srn514ro oxkhqvkx rl78xhln nch0832m cr00lzj9 rn8ck1ys s3jn8y49 icdlwmnq cxfqmxzd d1w2l3lo tes86rjd\" tabindex=\"0\" role=\"link\" href=\"https:\/\/www.facebook.com\/hashtag\/eventhall?__eep__=6&amp;__cft__[0]=AZWYNOx2B5qSxDeKMEj03ke6hkDhWf6Mg_DfwTBUzFR5IDEoxMTHE6xiAjJfGDsylFD6wiBYluoF2JhLSXHwAZEyf-t_iS4Nm005q4hcipqJtQmx6XDIvCmbG0WzgoDyc1U&amp;__tn__=*NK-R\">#evenhall<\/a> <a class=\"qi72231t nu7423ey n3hqoq4p r86q59rh b3qcqh3k fq87ekyn bdao358l fsf7x5fv rse6dlih s5oniofx m8h3af8h l7ghb35v kjdc1dyq kmwttqpk srn514ro oxkhqvkx rl78xhln nch0832m cr00lzj9 rn8ck1ys s3jn8y49 icdlwmnq cxfqmxzd d1w2l3lo tes86rjd\" tabindex=\"0\" role=\"link\" href=\"https:\/\/www.facebook.com\/hashtag\/banquethall?__eep__=6&amp;__cft__[0]=AZWYNOx2B5qSxDeKMEj03ke6hkDhWf6Mg_DfwTBUzFR5IDEoxMTHE6xiAjJfGDsylFD6wiBYluoF2JhLSXHwAZEyf-t_iS4Nm005q4hcipqJtQmx6XDIvCmbG0WzgoDyc1U&amp;__tn__=*NK-R\">#Balle de banquet<\/a> <a class=\"qi72231t nu7423ey n3hqoq4p r86q59rh b3qcqh3k fq87ekyn bdao358l fsf7x5fv rse6dlih s5oniofx m8h3af8h l7ghb35v kjdc1dyq kmwttqpk srn514ro oxkhqvkx rl78xhln nch0832m cr00lzj9 rn8ck1ys s3jn8y49 icdlwmnq cxfqmxzd d1w2l3lo tes86rjd\" tabindex=\"0\" role=\"link\" href=\"https:\/\/www.facebook.com\/hashtag\/weddingvenuemauritius?__eep__=6&amp;__cft__[0]=AZWYNOx2B5qSxDeKMEj03ke6hkDhWf6Mg_DfwTBUzFR5IDEoxMTHE6xiAjJfGDsylFD6wiBYluoF2JhLSXHwAZEyf-t_iS4Nm005q4hcipqJtQmx6XDIvCmbG0WzgoDyc1U&amp;__tn__=*NK-R\">#weddingvenueMauritius<\/a> <a class=\"qi72231t nu7423ey n3hqoq4p r86q59rh b3qcqh3k fq87ekyn bdao358l fsf7x5fv rse6dlih s5oniofx m8h3af8h l7ghb35v kjdc1dyq kmwttqpk srn514ro oxkhqvkx rl78xhln nch0832m cr00lzj9 rn8ck1ys s3jn8y49 icdlwmnq cxfqmxzd d1w2l3lo tes86rjd\" tabindex=\"0\" role=\"link\" href=\"https:\/\/www.facebook.com\/hashtag\/reception?__eep__=6&amp;__cft__[0]=AZWYNOx2B5qSxDeKMEj03ke6hkDhWf6Mg_DfwTBUzFR5IDEoxMTHE6xiAjJfGDsylFD6wiBYluoF2JhLSXHwAZEyf-t_iS4Nm005q4hcipqJtQmx6XDIvCmbG0WzgoDyc1U&amp;__tn__=*NK-R\">#r\u00e9ception<\/a> <a class=\"qi72231t nu7423ey n3hqoq4p r86q59rh b3qcqh3k fq87ekyn bdao358l fsf7x5fv rse6dlih s5oniofx m8h3af8h l7ghb35v kjdc1dyq kmwttqpk srn514ro oxkhqvkx rl78xhln nch0832m cr00lzj9 rn8ck1ys s3jn8y49 icdlwmnq cxfqmxzd d1w2l3lo tes86rjd\" tabindex=\"0\" role=\"link\" href=\"https:\/\/www.facebook.com\/hashtag\/receptionhall?__eep__=6&amp;__cft__[0]=AZWYNOx2B5qSxDeKMEj03ke6hkDhWf6Mg_DfwTBUzFR5IDEoxMTHE6xiAjJfGDsylFD6wiBYluoF2JhLSXHwAZEyf-t_iS4Nm005q4hcipqJtQmx6XDIvCmbG0WzgoDyc1U&amp;__tn__=*NK-R\">1TP4Salle de r\u00e9ception<\/a> <a class=\"qi72231t nu7423ey n3hqoq4p r86q59rh b3qcqh3k fq87ekyn bdao358l fsf7x5fv rse6dlih s5oniofx m8h3af8h l7ghb35v kjdc1dyq kmwttqpk srn514ro oxkhqvkx rl78xhln nch0832m cr00lzj9 rn8ck1ys s3jn8y49 icdlwmnq cxfqmxzd d1w2l3lo tes86rjd\" tabindex=\"0\" role=\"link\" href=\"https:\/\/www.facebook.com\/hashtag\/mauritius?__eep__=6&amp;__cft__[0]=AZWYNOx2B5qSxDeKMEj03ke6hkDhWf6Mg_DfwTBUzFR5IDEoxMTHE6xiAjJfGDsylFD6wiBYluoF2JhLSXHwAZEyf-t_iS4Nm005q4hcipqJtQmx6XDIvCmbG0WzgoDyc1U&amp;__tn__=*NK-R\">#maurice<\/a> <a class=\"qi72231t nu7423ey n3hqoq4p r86q59rh b3qcqh3k fq87ekyn bdao358l fsf7x5fv rse6dlih s5oniofx m8h3af8h l7ghb35v kjdc1dyq kmwttqpk srn514ro oxkhqvkx rl78xhln nch0832m cr00lzj9 rn8ck1ys s3jn8y49 icdlwmnq cxfqmxzd d1w2l3lo tes86rjd\" tabindex=\"0\" role=\"link\" href=\"https:\/\/www.facebook.com\/hashtag\/weddingdecor?__eep__=6&amp;__cft__[0]=AZWYNOx2B5qSxDeKMEj03ke6hkDhWf6Mg_DfwTBUzFR5IDEoxMTHE6xiAjJfGDsylFD6wiBYluoF2JhLSXHwAZEyf-t_iS4Nm005q4hcipqJtQmx6XDIvCmbG0WzgoDyc1U&amp;__tn__=*NK-R\">#mariaged\u00e9cor<\/a> <a class=\"qi72231t nu7423ey n3hqoq4p r86q59rh b3qcqh3k fq87ekyn bdao358l fsf7x5fv rse6dlih s5oniofx m8h3af8h l7ghb35v kjdc1dyq kmwttqpk srn514ro oxkhqvkx rl78xhln nch0832m cr00lzj9 rn8ck1ys s3jn8y49 icdlwmnq cxfqmxzd d1w2l3lo tes86rjd\" tabindex=\"0\" role=\"link\" href=\"https:\/\/www.facebook.com\/hashtag\/decoration?__eep__=6&amp;__cft__[0]=AZWYNOx2B5qSxDeKMEj03ke6hkDhWf6Mg_DfwTBUzFR5IDEoxMTHE6xiAjJfGDsylFD6wiBYluoF2JhLSXHwAZEyf-t_iS4Nm005q4hcipqJtQmx6XDIvCmbG0WzgoDyc1U&amp;__tn__=*NK-R\">D\u00e9coration #<\/a> <a class=\"qi72231t nu7423ey n3hqoq4p r86q59rh b3qcqh3k fq87ekyn bdao358l fsf7x5fv rse6dlih s5oniofx m8h3af8h l7ghb35v kjdc1dyq kmwttqpk srn514ro oxkhqvkx rl78xhln nch0832m cr00lzj9 rn8ck1ys s3jn8y49 icdlwmnq cxfqmxzd d1w2l3lo tes86rjd\" tabindex=\"0\" role=\"link\" href=\"https:\/\/www.facebook.com\/hashtag\/weddingdecoration?__eep__=6&amp;__cft__[0]=AZWYNOx2B5qSxDeKMEj03ke6hkDhWf6Mg_DfwTBUzFR5IDEoxMTHE6xiAjJfGDsylFD6wiBYluoF2JhLSXHwAZEyf-t_iS4Nm005q4hcipqJtQmx6XDIvCmbG0WzgoDyc1U&amp;__tn__=*NK-R\">#mariaged\u00e9coration<\/a> <a class=\"qi72231t nu7423ey n3hqoq4p r86q59rh b3qcqh3k fq87ekyn bdao358l fsf7x5fv rse6dlih s5oniofx m8h3af8h l7ghb35v kjdc1dyq kmwttqpk srn514ro oxkhqvkx rl78xhln nch0832m cr00lzj9 rn8ck1ys s3jn8y49 icdlwmnq cxfqmxzd d1w2l3lo tes86rjd\" tabindex=\"0\" role=\"link\" href=\"https:\/\/www.facebook.com\/hashtag\/conferences?__eep__=6&amp;__cft__[0]=AZWYNOx2B5qSxDeKMEj03ke6hkDhWf6Mg_DfwTBUzFR5IDEoxMTHE6xiAjJfGDsylFD6wiBYluoF2JhLSXHwAZEyf-t_iS4Nm005q4hcipqJtQmx6XDIvCmbG0WzgoDyc1U&amp;__tn__=*NK-R\">#conf\u00e9rences<\/a> <a class=\"qi72231t nu7423ey n3hqoq4p r86q59rh b3qcqh3k fq87ekyn bdao358l fsf7x5fv rse6dlih s5oniofx m8h3af8h l7ghb35v kjdc1dyq kmwttqpk srn514ro oxkhqvkx rl78xhln nch0832m cr00lzj9 rn8ck1ys s3jn8y49 icdlwmnq cxfqmxzd d1w2l3lo tes86rjd\" tabindex=\"0\" role=\"link\" href=\"https:\/\/www.facebook.com\/hashtag\/eventvenue?__eep__=6&amp;__cft__[0]=AZWYNOx2B5qSxDeKMEj03ke6hkDhWf6Mg_DfwTBUzFR5IDEoxMTHE6xiAjJfGDsylFD6wiBYluoF2JhLSXHwAZEyf-t_iS4Nm005q4hcipqJtQmx6XDIvCmbG0WzgoDyc1U&amp;__tn__=*NK-R\">#eventvenue<\/a><\/div>\n<\/div>\n<div class=\"l7ghb35v kjdc1dyq kmwttqpk gh25dzvf jikcssrz n3t5jt4f\">\n<div dir=\"auto\"><\/div>\n<div dir=\"auto\">Ek Saath..Vishwas Ke Saath<\/div>\n<\/div>\n<div dir=\"auto\"><\/div>\n<div dir=\"auto\">\n<div class=\"mapouter\">\n<div class=\"gmap_canvas\">\n<p>\u00a0 \u00a0 \u00a0 \u00a0 \u00a0 \u00a0 \u00a0 \u00a0 \u00a0 \u00a0 \u00a0 \u00a0 \u00a0 \u00a0 \u00a0 \u00a0 \u00a0 \u00a0 \u00a0 \u00a0 <iframe loading=\"lazy\" id=\"gmap_canvas\" src=\"https:\/\/maps.google.com\/maps?q=Sunrise%20Hall&amp;t=&amp;z=17&amp;ie=UTF8&amp;iwloc=&amp;output=embed\" width=\"800\" height=\"400\" frameborder=\"0\" marginwidth=\"0\" marginheight=\"0\" scrolling=\"no\"><\/iframe><\/p>\n<p>Veuillez trouver le document ci-dessous pour le contrat de location Sunrise Hall\u00a0:<\/p>\n<div><iframe loading=\"lazy\" class=\"embed-pdf-viewer\" src=\"https:\/\/marvpsru.org\/wp-content\/uploads\/2022\/03\/Sunrise-Hall-tenant-final.pdf\" height=\"750\" width=\"100%\" title=\"Finale des locataires de Sunrise Hall\"><\/iframe><\/p>\n<p><a href=\"https:\/\/marvpsru.org\/wp-content\/uploads\/2022\/03\/Sunrise-Hall-tenant-final.pdf\" title=\"Finale des locataires de Sunrise Hall\">Finale des locataires de Sunrise Hall<\/a><\/p>\n<\/div>\n<\/div>\n<\/div>\n<\/div>","protected":false},"excerpt":{"rendered":"<p>Sunrise Hall est un Event Center situ\u00e9 \u00e0 Belle Mare.<\/p>","protected":false},"featured_media":8535,"template":"","meta":{"_uag_custom_page_level_css":"","site-sidebar-layout":"default","site-content-layout":"default","ast-site-content-layout":"default","site-content-style":"default","site-sidebar-style":"default","ast-global-header-display":"","ast-banner-title-visibility":"","ast-main-header-display":"","ast-hfb-above-header-display":"","ast-hfb-below-header-display":"","ast-hfb-mobile-header-display":"","site-post-title":"","ast-breadcrumbs-content":"","ast-featured-img":"","footer-sml-layout":"","theme-transparent-header-meta":"","adv-header-id-meta":"","stick-header-meta":"","header-above-stick-meta":"","header-main-stick-meta":"","header-below-stick-meta":"","astra-migrate-meta-layouts":"default","ast-page-background-enabled":"default","ast-page-background-meta":{"desktop":{"background-color":"","background-image":"","background-repeat":"repeat","background-position":"center center","background-size":"auto","background-attachment":"scroll","background-type":"","background-media":"","overlay-type":"","overlay-color":"","overlay-opacity":"","overlay-gradient":""},"tablet":{"background-color":"","background-image":"","background-repeat":"repeat","background-position":"center center","background-size":"auto","background-attachment":"scroll","background-type":"","background-media":"","overlay-type":"","overlay-color":"","overlay-opacity":"","overlay-gradient":""},"mobile":{"background-color":"","background-image":"","background-repeat":"repeat","background-position":"center center","background-size":"auto","background-attachment":"scroll","background-type":"","background-media":"","overlay-type":"","overlay-color":"","overlay-opacity":"","overlay-gradient":""}},"ast-content-background-meta":{"desktop":{"background-color":"var(--ast-global-color-5)","background-image":"","background-repeat":"repeat","background-position":"center center","background-size":"auto","background-attachment":"scroll","background-type":"","background-media":"","overlay-type":"","overlay-color":"","overlay-opacity":"","overlay-gradient":""},"tablet":{"background-color":"var(--ast-global-color-5)","background-image":"","background-repeat":"repeat","background-position":"center center","background-size":"auto","background-attachment":"scroll","background-type":"","background-media":"","overlay-type":"","overlay-color":"","overlay-opacity":"","overlay-gradient":""},"mobile":{"background-color":"var(--ast-global-color-5)","background-image":"","background-repeat":"repeat","background-position":"center center","background-size":"auto","background-attachment":"scroll","background-type":"","background-media":"","overlay-type":"","overlay-color":"","overlay-opacity":"","overlay-gradient":""}}},"product_brand":[],"product_cat":[56],"product_tag":[],"class_list":{"0":"post-5395","1":"product","2":"type-product","3":"status-publish","4":"has-post-thumbnail","6":"product_cat-booking","7":"desktop-align-left","8":"tablet-align-left","9":"mobile-align-left","11":"first","12":"instock","13":"virtual","14":"sold-individually","15":"purchasable","16":"product-type-booking"},"uagb_featured_image_src":{"full":["https:\/\/marvpsru.org\/wp-content\/uploads\/2022\/03\/sunrise-hall.png",400,398,false],"thumbnail":["https:\/\/marvpsru.org\/wp-content\/uploads\/2022\/03\/sunrise-hall-150x150.png",150,150,true],"medium":["https:\/\/marvpsru.org\/wp-content\/uploads\/2022\/03\/sunrise-hall-300x300.png",300,300,true],"medium_large":["https:\/\/marvpsru.org\/wp-content\/uploads\/2022\/03\/sunrise-hall.png",400,398,false],"large":["https:\/\/marvpsru.org\/wp-content\/uploads\/2022\/03\/sunrise-hall.png",400,398,false],"1536x1536":["https:\/\/marvpsru.org\/wp-content\/uploads\/2022\/03\/sunrise-hall.png",400,398,false],"2048x2048":["https:\/\/marvpsru.org\/wp-content\/uploads\/2022\/03\/sunrise-hall.png",400,398,false],"trp-custom-language-flag":["https:\/\/marvpsru.org\/wp-content\/uploads\/2022\/03\/sunrise-hall-12x12.png",12,12,true],"woocommerce_thumbnail":["https:\/\/marvpsru.org\/wp-content\/uploads\/2022\/03\/sunrise-hall-300x300.png",300,300,true],"woocommerce_single":["https:\/\/marvpsru.org\/wp-content\/uploads\/2022\/03\/sunrise-hall.png",400,398,false],"woocommerce_gallery_thumbnail":["https:\/\/marvpsru.org\/wp-content\/uploads\/2022\/03\/sunrise-hall-100x100.png",100,100,true]},"uagb_author_info":{"display_name":"admin","author_link":"https:\/\/marvpsru.org\/fr\/author\/"},"uagb_comment_info":0,"uagb_excerpt":"Sunrise Hall is an Event Centre located at Belle Mare.","_links":{"self":[{"href":"https:\/\/marvpsru.org\/fr\/wp-json\/wp\/v2\/product\/5395","targetHints":{"allow":["GET"]}}],"collection":[{"href":"https:\/\/marvpsru.org\/fr\/wp-json\/wp\/v2\/product"}],"about":[{"href":"https:\/\/marvpsru.org\/fr\/wp-json\/wp\/v2\/types\/product"}],"wp:featuredmedia":[{"embeddable":true,"href":"https:\/\/marvpsru.org\/fr\/wp-json\/wp\/v2\/media\/8535"}],"wp:attachment":[{"href":"https:\/\/marvpsru.org\/fr\/wp-json\/wp\/v2\/media?parent=5395"}],"wp:term":[{"taxonomy":"product_brand","embeddable":true,"href":"https:\/\/marvpsru.org\/fr\/wp-json\/wp\/v2\/product_brand?post=5395"},{"taxonomy":"product_cat","embeddable":true,"href":"https:\/\/marvpsru.org\/fr\/wp-json\/wp\/v2\/product_cat?post=5395"},{"taxonomy":"product_tag","embeddable":true,"href":"https:\/\/marvpsru.org\/fr\/wp-json\/wp\/v2\/product_tag?post=5395"}],"curies":[{"name":"wp","href":"https:\/\/api.w.org\/{rel}","templated":true}]}}