{"id":8219,"date":"2022-10-12T07:28:07","date_gmt":"2022-10-12T07:28:07","guid":{"rendered":"https:\/\/marvpsru.org\/?page_id=8219"},"modified":"2022-11-03T11:49:58","modified_gmt":"2022-11-03T11:49:58","slug":"federation-13-riviere-des-anguilles-and-souillac","status":"publish","type":"page","link":"https:\/\/marvpsru.org\/fr\/federation-13-riviere-des-anguilles-and-souillac\/","title":{"rendered":"F\u00e9d\u00e9ration 13 \u2013 Rivi\u00e8re des Anguilles et Souillac"},"content":{"rendered":"<div data-elementor-type=\"wp-page\" data-elementor-id=\"8219\" class=\"elementor elementor-8219\">\n\t\t\t\t\t\t<section class=\"elementor-section elementor-top-section elementor-element elementor-element-1680291 elementor-section-boxed elementor-section-height-default elementor-section-height-default\" data-id=\"1680291\" data-element_type=\"section\">\n\t\t\t\t\t\t<div class=\"elementor-container elementor-column-gap-default\">\n\t\t\t\t\t<div class=\"elementor-column elementor-col-100 elementor-top-column elementor-element elementor-element-9905c34\" data-id=\"9905c34\" data-element_type=\"column\">\n\t\t\t<div class=\"elementor-widget-wrap elementor-element-populated\">\n\t\t\t\t\t\t<div class=\"elementor-element elementor-element-25a95a5 elementor-widget elementor-widget-heading\" data-id=\"25a95a5\" data-element_type=\"widget\" data-widget_type=\"heading.default\">\n\t\t\t\t\t<h3 class=\"elementor-heading-title elementor-size-default\">F\u00e9d\u00e9ration 13 - Rivi\u00e8re des Anguilles et Souillac<\/h3>\t\t\t\t<\/div>\n\t\t\t\t\t<\/div>\n\t\t<\/div>\n\t\t\t\t\t<\/div>\n\t\t<\/section>\n\t\t\t\t<section class=\"elementor-section elementor-top-section elementor-element elementor-element-34675ed elementor-section-boxed elementor-section-height-default elementor-section-height-default\" data-id=\"34675ed\" data-element_type=\"section\">\n\t\t\t\t\t\t<div class=\"elementor-container elementor-column-gap-default\">\n\t\t\t\t\t<div class=\"elementor-column elementor-col-100 elementor-top-column elementor-element elementor-element-5c6bd01\" data-id=\"5c6bd01\" data-element_type=\"column\">\n\t\t\t<div class=\"elementor-widget-wrap elementor-element-populated\">\n\t\t\t\t\t\t<div class=\"elementor-element elementor-element-a3a54d8 elementor-widget elementor-widget-google_maps\" data-id=\"a3a54d8\" data-element_type=\"widget\" data-widget_type=\"google_maps.default\">\n\t\t\t\t\t\t\t<div class=\"elementor-custom-embed\">\n\t\t\t<iframe loading=\"lazy\"\n\t\t\t\t\tsrc=\"https:\/\/www.google.com\/maps\/embed\/v1\/place?key=AIzaSyDiANE13Dq_5BFajH6QXxYB7AhVDbKIUcA&#038;q=Souillac%20Mauritius&#038;zoom=13\"\n\t\t\t\t\ttitle=\"Souillac Ile Maurice\"\n\t\t\t\t\taria-label=\"Souillac Ile Maurice\"\n\t\t\t><\/iframe>\n\t\t<\/div>\n\t\t\t\t\t\t<\/div>\n\t\t\t\t\t<\/div>\n\t\t<\/div>\n\t\t\t\t\t<\/div>\n\t\t<\/section>\n\t\t\t\t<section class=\"elementor-section elementor-top-section elementor-element elementor-element-5e4e3bf elementor-section-boxed elementor-section-height-default elementor-section-height-default\" data-id=\"5e4e3bf\" data-element_type=\"section\">\n\t\t\t\t\t\t<div class=\"elementor-container elementor-column-gap-default\">\n\t\t\t\t\t<div class=\"elementor-column elementor-col-100 elementor-top-column elementor-element elementor-element-d780bd7\" data-id=\"d780bd7\" data-element_type=\"column\">\n\t\t\t<div class=\"elementor-widget-wrap elementor-element-populated\">\n\t\t\t\t\t\t<div class=\"elementor-element elementor-element-497bc8c elementor-widget elementor-widget-shortcode\" data-id=\"497bc8c\" data-element_type=\"widget\" data-widget_type=\"shortcode.default\">\n\t\t\t\t\t<div class =\"elementor-pods-federation-container\"><div class=\"elementor-column elementor-col-20 elementor-top-column elementor-element elementor-element-86ad821 fed-branch-box\" data-id=\"86ad821\" data-element_type=\"column\" data-settings=\"{&quot;background_background&quot;:&quot;classic&quot;}\">\n   <div class=\"elementor-widget-wrap elementor-element-populated\">\n      <div class=\"elementor-element elementor-element-336b7cd elementor-widget-divider--view-line elementor-widget elementor-widget-divider\" data-id=\"336b7cd\" data-element_type=\"widget\" data-widget_type=\"divider.default\">\n         <div class=\"elementor-widget-container\">\n            <div class=\"elementor-divider\">\n               <span class=\"elementor-divider-separator\">\n               <\/span>\n            <\/div>\n         <\/div>\n      <\/div>\n      <div class=\"elementor-element elementor-element-da61d4d elementor-position-left elementor-vertical-align-top elementor-widget elementor-widget-image-box\" data-id=\"da61d4d\" data-element_type=\"widget\" data-widget_type=\"image-box.default\">\n         <div class=\"elementor-widget-container\">\n            <div class=\"elementor-image-box-wrapper\">\n               <div class=\"elementor-image-box-content\">\n                  <h3 class=\"elementor-image-box-title\">\n                     <p class=\"fed-branch-title\" style=\"display:inline\">BRANCHE BOIS CHERI NO. 3<\/p>\n                  <\/h3>\n                  <p class=\"elementor-image-box-description\"><\/p>\n\n\t\t\t\t\t<p class=\"description-title\" style=\"display:inline\">Pr\u00e9sident:&nbsp;<\/p>\n\t\t\t\t\t\t\t  <p class=\"description-value\" style=\"display:inline\">M. Jaysingh Faugoo<\/p>\n\t\t\t\t\t\t\t   <br>\n\t\t\t\t\t\t\t  <p class=\"description-title\" style=\"display:inline\">T\u00e9l\u00e9phoner: <\/p>\n\t\t\t\t\t\t\t  <p class=\"description-value\" style=\"display:inline\"> 6175149<\/p>\n                  <br>\n                  <br>\n                    <p class=\"description-title\" style=\"display:inline\">Vice pr\u00e9sident:&nbsp;<\/p>\n\t\t\t\t\t\t\t  <p class=\"description-value\" style=\"display:inline\"><\/p>\n\t\t\t\t\t\t\t   <br>\n\t\t\t\t\t\t\t  <p class=\"description-title\" style=\"display:inline\">T\u00e9l\u00e9phoner: <\/p>\n\t\t\t\t\t\t\t  <p class=\"description-value\" style=\"display:inline\"><\/p>\n                  <br>\n                  <br>\n\t\t\t\t\t<p class=\"description-title\" style=\"display:inline\">Secr\u00e9taire:&nbsp;<\/p>\n\t\t\t\t\t\t\t  <p class=\"description-value\" style=\"display:inline\">M. Satyaprakash Singh<\/p>\n\t\t\t\t\t\t\t   <br>\n\t\t\t\t\t\t\t  <p class=\"description-title\" style=\"display:inline\">T\u00e9l\u00e9phoner: <\/p>\n\t\t\t\t\t\t\t  <p class=\"description-value\" style=\"display:inline\"> 6179596\/ 6179596<\/p>\n                  <br>\n                  <br>\n                  <p class=\"description-title\" style=\"display:inline\">Assistant secr\u00e9taire:&nbsp;<\/p>\n\t\t\t\t\t\t\t  <p class=\"description-value\" style=\"display:inline\"><\/p>\n\t\t\t\t\t\t\t   <br>\n\t\t\t\t\t\t\t  <p class=\"description-title\" style=\"display:inline\">T\u00e9l\u00e9phoner: <\/p>\n\t\t\t\t\t\t\t  <p class=\"description-value\" style=\"display:inline\"><\/p>\n                  <br>\n                  <br>\n                  <p class=\"description-title\" style=\"display:inline\">Tr\u00e9sorier:&nbsp;<\/p>\n\t\t\t\t\t\t\t  <p class=\"description-value\" style=\"display:inline\">Monsieur Beejaysingh Gopala<\/p>\n\t\t\t\t\t\t\t   <br>\n\t\t\t\t\t\t\t  <p class=\"description-title\" style=\"display:inline\">T\u00e9l\u00e9phoner: <\/p>\n\t\t\t\t\t\t\t  <p class=\"description-value\" style=\"display:inline\">6175304<\/p>\n                  <br>\n                  <br>\n                  <p class=\"description-title\" style=\"display:inline\">Tr\u00e9sorier Adjoint :&nbsp;<\/p>\n\t\t\t\t\t\t\t  <p class=\"description-value\" style=\"display:inline\"><\/p>\n\t\t\t\t\t\t\t   <br>\n\t\t\t\t\t\t\t  <p class=\"description-title\" style=\"display:inline\">T\u00e9l\u00e9phoner: <\/p>\n\t\t\t\t\t\t\t  <p class=\"description-value\" style=\"display:inline\"><\/p>\n                  <p><\/p>\n               <\/div>\n            <\/div>\n         <\/div>\n      <\/div>\n      <div class=\"elementor-element elementor-element-b6a9a0b elementor-widget-divider--view-line elementor-widget elementor-widget-divider\" data-id=\"b6a9a0b\" data-element_type=\"widget\" data-widget_type=\"divider.default\">\n         <div class=\"elementor-widget-container\">\n            <div class=\"elementor-divider\">\n               <span class=\"elementor-divider-separator\">\n               <\/span>\n            <\/div>\n         <\/div>\n      <\/div>\n      <div class=\"footer-view-on-map elementor-element elementor-element-3989b0a elementor-widget elementor-widget-text-editor\" data-id=\"3989b0a\" data-element_type=\"widget\" data-widget_type=\"text-editor.default\">\n         <div class=\"elementor-widget-container\">\n            <a class=\"belvedere-branch-2\" onclick=\"loadMap(-20.178416, 57.661054 , '', '')\" >Voir sur la carte<\/a>\n         <\/div>\n      <\/div>\n   <\/div>\n<\/div><\/div><div id =\"federation-gmap-container\"><div id=\"federation-gmap\"><\/div><script>\n\t\tjQuery(document).ready(function(e) {\n\t\t\t\tinitMap(-20.178416, 57.661054 , '', '')\n\t\t  });<\/script><\/div>\t\t<div class=\"elementor-shortcode\"><\/div>\n\t\t\t\t\t\t<\/div>\n\t\t\t\t\t<\/div>\n\t\t<\/div>\n\t\t\t\t\t<\/div>\n\t\t<\/section>\n\t\t\t\t<section class=\"elementor-section elementor-top-section elementor-element elementor-element-ce8238b elementor-section-boxed elementor-section-height-default elementor-section-height-default\" data-id=\"ce8238b\" data-element_type=\"section\">\n\t\t\t\t\t\t<div class=\"elementor-container elementor-column-gap-default\">\n\t\t\t\t\t<div class=\"elementor-column elementor-col-100 elementor-top-column elementor-element elementor-element-a5684df\" data-id=\"a5684df\" data-element_type=\"column\">\n\t\t\t<div class=\"elementor-widget-wrap elementor-element-populated\">\n\t\t\t\t\t\t<div class=\"elementor-element elementor-element-8e0a6b0 elementor-hidden-desktop elementor-hidden-tablet elementor-hidden-mobile elementor-widget elementor-widget-shortcode\" data-id=\"8e0a6b0\" data-element_type=\"widget\" data-widget_type=\"shortcode.default\">\n\t\t\t\t\t<div class =\"elementor-pods-federation-member-container\"><div class=\"elementor-container elementor-column-gap-default\">\n<div class=\"elementor-column elementor-col-33 elementor-top-column elementor-element elementor-element-cad72f9\" data-id=\"cad72f9\" data-element_type=\"column\">\n  <div class=\"elementor-widget-wrap elementor-element-populated\">\n\t<div class=\"elementor-element elementor-element-6c91594 elementor-position-left elementor-vertical-align-top elementor-widget elementor-widget-image-box\" data-id=\"6c91594\" data-element_type=\"widget\" data-widget_type=\"image-box.default\">\n\t  <div class=\"elementor-widget-container\">\n\t\t<div class=\"elementor-image-box-wrapper\">\n\t\t  <div class=\"elementor-image-box-content\">\n\t\t\t<h2 class=\"elementor-image-box-title\">Nos membres<\/h2>\n\t\t  <\/div>\n\t\t<\/div>\n\t  <\/div>\n\t<\/div>\n  <\/div>\n<\/div>\n<div class=\"elementor-column elementor-col-33 elementor-top-column elementor-element elementor-element-1d6fcb7\" data-id=\"1d6fcb7\" data-element_type=\"column\">\n  <div class=\"elementor-widget-wrap elementor-element-populated\"><\/div>\n\t\t\t<\/div>\n\t\t\t<\/div><\/div>\t\t<div class=\"elementor-shortcode\"><\/div>\n\t\t\t\t\t\t<\/div>\n\t\t\t\t\t<\/div>\n\t\t<\/div>\n\t\t\t\t\t<\/div>\n\t\t<\/section>\n\t\t\t\t<\/div>","protected":false},"excerpt":{"rendered":"<p>F\u00e9d\u00e9ration 13 \u2013 Rivi\u00e8re des Anguilles et Souillac<\/p>","protected":false},"author":1,"featured_media":0,"parent":0,"menu_order":0,"comment_status":"closed","ping_status":"closed","template":"","meta":{"_uag_custom_page_level_css":"","site-sidebar-layout":"no-sidebar","site-content-layout":"page-builder","ast-site-content-layout":"default","site-content-style":"default","site-sidebar-style":"default","ast-global-header-display":"","ast-banner-title-visibility":"","ast-main-header-display":"","ast-hfb-above-header-display":"","ast-hfb-below-header-display":"","ast-hfb-mobile-header-display":"","site-post-title":"disabled","ast-breadcrumbs-content":"","ast-featured-img":"disabled","footer-sml-layout":"","theme-transparent-header-meta":"","adv-header-id-meta":"","stick-header-meta":"","header-above-stick-meta":"","header-main-stick-meta":"","header-below-stick-meta":"","astra-migrate-meta-layouts":"default","ast-page-background-enabled":"default","ast-page-background-meta":{"desktop":{"background-color":"","background-image":"","background-repeat":"repeat","background-position":"center center","background-size":"auto","background-attachment":"scroll","background-type":"","background-media":"","overlay-type":"","overlay-color":"","overlay-opacity":"","overlay-gradient":""},"tablet":{"background-color":"","background-image":"","background-repeat":"repeat","background-position":"center center","background-size":"auto","background-attachment":"scroll","background-type":"","background-media":"","overlay-type":"","overlay-color":"","overlay-opacity":"","overlay-gradient":""},"mobile":{"background-color":"","background-image":"","background-repeat":"repeat","background-position":"center center","background-size":"auto","background-attachment":"scroll","background-type":"","background-media":"","overlay-type":"","overlay-color":"","overlay-opacity":"","overlay-gradient":""}},"ast-content-background-meta":{"desktop":{"background-color":"var(--ast-global-color-5)","background-image":"","background-repeat":"repeat","background-position":"center center","background-size":"auto","background-attachment":"scroll","background-type":"","background-media":"","overlay-type":"","overlay-color":"","overlay-opacity":"","overlay-gradient":""},"tablet":{"background-color":"var(--ast-global-color-5)","background-image":"","background-repeat":"repeat","background-position":"center center","background-size":"auto","background-attachment":"scroll","background-type":"","background-media":"","overlay-type":"","overlay-color":"","overlay-opacity":"","overlay-gradient":""},"mobile":{"background-color":"var(--ast-global-color-5)","background-image":"","background-repeat":"repeat","background-position":"center center","background-size":"auto","background-attachment":"scroll","background-type":"","background-media":"","overlay-type":"","overlay-color":"","overlay-opacity":"","overlay-gradient":""}},"footnotes":""},"class_list":["post-8219","page","type-page","status-publish","hentry"],"uagb_featured_image_src":{"full":false,"thumbnail":false,"medium":false,"medium_large":false,"large":false,"1536x1536":false,"2048x2048":false,"trp-custom-language-flag":false,"woocommerce_thumbnail":false,"woocommerce_single":false,"woocommerce_gallery_thumbnail":false},"uagb_author_info":{"display_name":"admin","author_link":"https:\/\/marvpsru.org\/fr\/author\/admin\/"},"uagb_comment_info":0,"uagb_excerpt":"Federation 13 &#8211; Rivi\u00e8re des Anguilles and Souillac","_links":{"self":[{"href":"https:\/\/marvpsru.org\/fr\/wp-json\/wp\/v2\/pages\/8219","targetHints":{"allow":["GET"]}}],"collection":[{"href":"https:\/\/marvpsru.org\/fr\/wp-json\/wp\/v2\/pages"}],"about":[{"href":"https:\/\/marvpsru.org\/fr\/wp-json\/wp\/v2\/types\/page"}],"author":[{"embeddable":true,"href":"https:\/\/marvpsru.org\/fr\/wp-json\/wp\/v2\/users\/1"}],"replies":[{"embeddable":true,"href":"https:\/\/marvpsru.org\/fr\/wp-json\/wp\/v2\/comments?post=8219"}],"version-history":[{"count":0,"href":"https:\/\/marvpsru.org\/fr\/wp-json\/wp\/v2\/pages\/8219\/revisions"}],"wp:attachment":[{"href":"https:\/\/marvpsru.org\/fr\/wp-json\/wp\/v2\/media?parent=8219"}],"curies":[{"name":"wp","href":"https:\/\/api.w.org\/{rel}","templated":true}]}}