{"id":3250,"date":"2022-03-08T08:53:25","date_gmt":"2022-03-08T08:53:25","guid":{"rendered":"http:\/\/localhost\/wordpress\/?page_id=3250"},"modified":"2022-10-05T05:44:52","modified_gmt":"2022-10-05T05:44:52","slug":"swami-dayanand","status":"publish","type":"page","link":"https:\/\/marvpsru.org\/fr\/swami-dayanand\/","title":{"rendered":"Swami Dayanand"},"content":{"rendered":"<div data-elementor-type=\"wp-page\" data-elementor-id=\"3250\" class=\"elementor elementor-3250\">\n\t\t\t\t\t\t<section class=\"elementor-section elementor-top-section elementor-element elementor-element-0435799 elementor-section-boxed elementor-section-height-default elementor-section-height-default\" data-id=\"0435799\" data-element_type=\"section\">\n\t\t\t\t\t\t<div class=\"elementor-container elementor-column-gap-default\">\n\t\t\t\t\t<div class=\"elementor-column elementor-col-100 elementor-top-column elementor-element elementor-element-83ffd1e\" data-id=\"83ffd1e\" data-element_type=\"column\">\n\t\t\t<div class=\"elementor-widget-wrap elementor-element-populated\">\n\t\t\t\t\t\t<div class=\"elementor-element elementor-element-6bf33dd elementor-widget elementor-widget-heading\" data-id=\"6bf33dd\" data-element_type=\"widget\" data-widget_type=\"heading.default\">\n\t\t\t\t\t<h2 class=\"elementor-heading-title elementor-size-default\">Swami Dayanand<\/h2>\t\t\t\t<\/div>\n\t\t\t\t\t<\/div>\n\t\t<\/div>\n\t\t\t\t\t<\/div>\n\t\t<\/section>\n\t\t\t\t<section class=\"elementor-section elementor-top-section elementor-element elementor-element-1ba034d elementor-section-boxed elementor-section-height-default elementor-section-height-default\" data-id=\"1ba034d\" data-element_type=\"section\">\n\t\t\t\t\t\t<div class=\"elementor-container elementor-column-gap-default\">\n\t\t\t\t\t<div class=\"elementor-column elementor-col-50 elementor-top-column elementor-element elementor-element-58803c0\" data-id=\"58803c0\" data-element_type=\"column\">\n\t\t\t<div class=\"elementor-widget-wrap elementor-element-populated\">\n\t\t\t\t\t\t<div class=\"elementor-element elementor-element-443caa5 elementor-widget elementor-widget-image\" data-id=\"443caa5\" data-element_type=\"widget\" data-widget_type=\"image.default\">\n\t\t\t\t\t\t\t\t\t\t\t\t\t\t\t<img loading=\"lazy\" decoding=\"async\" width=\"304\" height=\"422\" src=\"https:\/\/marvpsru.org\/wp-content\/uploads\/2022\/03\/Dayanand_saraswati.gif\" class=\"attachment-full size-full wp-image-5462\" alt=\"\" \/>\t\t\t\t\t\t\t\t\t\t\t\t\t\t\t<\/div>\n\t\t\t\t\t<\/div>\n\t\t<\/div>\n\t\t\t\t<div class=\"elementor-column elementor-col-50 elementor-top-column elementor-element elementor-element-4948a10\" data-id=\"4948a10\" data-element_type=\"column\">\n\t\t\t<div class=\"elementor-widget-wrap elementor-element-populated\">\n\t\t\t\t\t\t<div class=\"elementor-element elementor-element-4048163 elementor-widget elementor-widget-text-editor\" data-id=\"4048163\" data-element_type=\"widget\" data-widget_type=\"text-editor.default\">\n\t\t\t\t\t\t\t\t\t<p>Son nom d&#039;origine \u00e9tait Mool Shankar. Il est n\u00e9 le 12 f\u00e9vrier 1824 \u00e0 Tankara, Gujarat. Son p\u00e8re \u00e9tait un fid\u00e8le du Seigneur Shiva. Lorsque Mool Shankar avait 14 ans, lors d&#039;une nuit de Shivaratri, il a vu des souris profaner l&#039;idole du Seigneur Shiva et a r\u00e9alis\u00e9 l&#039;erreur du concept dominant de religion. Il a quitt\u00e9 la maison pour chercher le vrai Dieu. En cours de route, il fut initi\u00e9 \u00e0 un ordre de sanyasis (asc\u00e8tes) qui lui donna le nom de Dayanand. Il a voyag\u00e9 tr\u00e8s loin dans sa qu\u00eate de Dieu, trouvant finalement son chemin vers Swami Virjanand \u00e0 Mathura. Il a appris les Vedas et d&#039;autres \u00e9critures de Swami Virjanand, et selon les instructions de son gourou, il est sorti pour pr\u00eacher les enseignements dans tout le pays.<\/p><p>Au cours de ses voyages, il trouva la condition de l&#039;Inde et de la soci\u00e9t\u00e9 hindoue d\u00e9plorable et d\u00e9primante. Le pays \u00e9tait gouvern\u00e9 par les Britanniques. Autrefois berceau de la civilisation humaine, de la religion et de la culture, l&#039;Inde \u00e9tait d\u00e9sormais un entrep\u00f4t d&#039;une immense pauvret\u00e9 et avan\u00e7ait \u00e0 un rythme rapide sur la voie de l&#039;autodestruction. La soci\u00e9t\u00e9 hindoue ne va pas mieux, morcel\u00e9e par r\u00e9gion, par secte et par langue. De nombreuses superstitions, dogmes et rituels ind\u00e9sirables \u00e9taient propos\u00e9s au nom de la religion. Ils comprenaient l&#039;intouchabilit\u00e9, l&#039;interdiction de l&#039;\u00e9ducation des femmes, le sati (auto-immolation par une femme \u00e0 la mort de son mari) et le mariage des enfants.<\/p>\t\t\t\t\t\t\t\t<\/div>\n\t\t\t\t\t<\/div>\n\t\t<\/div>\n\t\t\t\t\t<\/div>\n\t\t<\/section>\n\t\t\t\t<section class=\"elementor-section elementor-top-section elementor-element elementor-element-af75dd5 elementor-section-boxed elementor-section-height-default elementor-section-height-default\" data-id=\"af75dd5\" data-element_type=\"section\">\n\t\t\t\t\t\t<div class=\"elementor-container elementor-column-gap-default\">\n\t\t\t\t\t<div class=\"elementor-column elementor-col-100 elementor-top-column elementor-element elementor-element-b5fdc90\" data-id=\"b5fdc90\" data-element_type=\"column\">\n\t\t\t<div class=\"elementor-widget-wrap elementor-element-populated\">\n\t\t\t\t\t\t<div class=\"elementor-element elementor-element-618b46f elementor-widget elementor-widget-text-editor\" data-id=\"618b46f\" data-element_type=\"widget\" data-widget_type=\"text-editor.default\">\n\t\t\t\t\t\t\t\t\t<p>Swami Dayanand r\u00e9solut de r\u00e9veiller la soci\u00e9t\u00e9 hindoue. Il a introduit de nombreuses r\u00e9formes positives, parmi lesquelles l&#039;abolition de Sati Pratha, le mariage des enfants, la dot, l&#039;intouchabilit\u00e9 dans le syst\u00e8me de caste en vigueur et l&#039;introduction de l&#039;\u00e9ducation des femmes. Il croyait fermement que le joug de l&#039;Empire britannique devait dispara\u00eetre. Il a mis l&#039;accent sur le concept de nation en introduisant pour la premi\u00e8re fois le mot Swarajya (autonomie) et le besoin d&#039;une langue nationale. Dans son c\u00e9l\u00e8bre livre, Satyartha Prakash (La lumi\u00e8re de la v\u00e9rit\u00e9), il a cherch\u00e9 \u00e0 dissiper les rituels, les dogmes et les superstitions chez tous les Indiens.<\/p><p>Le 10 avril 1875, Swami Dayanand cr\u00e9a l&#039;Arya Samaj en tant qu&#039;organisation permanente pour continuer \u00e0 \u00e9duquer les hindous de leur riche h\u00e9ritage et \u00e0 r\u00e9former la structure sociale en Inde, en grande partie par la diffusion de l&#039;\u00e9ducation, en particulier celle des femmes. (Remarque : la philosophie et le but d&#039;Arya Samaj sont d\u00e9crits dans la section Introduction de ce site Web).<\/p><p>Avec son travail missionnaire, Swami Dayanand s&#039;est fait de nombreux ennemis parmi les gens qui pr\u00e9f\u00e9raient le statu quo. De nombreuses tentatives ont \u00e9t\u00e9 faites pour lui faire du mal. Enfin, le 30 octobre 1883 au soir de Diwali, il succombe \u00e0 un empoisonnement par son fid\u00e8le serviteur. Avec une r\u00e9citation des Mantras (hymnes) des Vedas et les mots : \u00ab \u00d4 Seigneur, si telle est Ta volont\u00e9, qu&#039;elle soit faite \u00bb, il rendit son dernier soupir. Cependant, son travail a \u00e9t\u00e9 poursuivi par les membres d&#039;Arya Samaj et s&#039;est \u00e9tendu au-del\u00e0 des fronti\u00e8res de l&#039;Inde dans d&#039;autres pays.<\/p>\t\t\t\t\t\t\t\t<\/div>\n\t\t\t\t\t<\/div>\n\t\t<\/div>\n\t\t\t\t\t<\/div>\n\t\t<\/section>\n\t\t\t\t<\/div>","protected":false},"excerpt":{"rendered":"<p>Swami Dayanand His original name was Mool Shankar. He was born on 12 February 1824 in Tankara, Gujarat. His father was a devotee of Lord Shiva. When Mool Shankar was [&hellip;]<\/p>","protected":false},"author":1,"featured_media":0,"parent":0,"menu_order":0,"comment_status":"closed","ping_status":"closed","template":"elementor_header_footer","meta":{"_uag_custom_page_level_css":"","site-sidebar-layout":"no-sidebar","site-content-layout":"page-builder","ast-site-content-layout":"default","site-content-style":"default","site-sidebar-style":"default","ast-global-header-display":"","ast-banner-title-visibility":"","ast-main-header-display":"","ast-hfb-above-header-display":"","ast-hfb-below-header-display":"","ast-hfb-mobile-header-display":"","site-post-title":"disabled","ast-breadcrumbs-content":"","ast-featured-img":"disabled","footer-sml-layout":"","theme-transparent-header-meta":"","adv-header-id-meta":"","stick-header-meta":"","header-above-stick-meta":"","header-main-stick-meta":"","header-below-stick-meta":"","astra-migrate-meta-layouts":"default","ast-page-background-enabled":"default","ast-page-background-meta":{"desktop":{"background-color":"","background-image":"","background-repeat":"repeat","background-position":"center center","background-size":"auto","background-attachment":"scroll","background-type":"","background-media":"","overlay-type":"","overlay-color":"","overlay-opacity":"","overlay-gradient":""},"tablet":{"background-color":"","background-image":"","background-repeat":"repeat","background-position":"center center","background-size":"auto","background-attachment":"scroll","background-type":"","background-media":"","overlay-type":"","overlay-color":"","overlay-opacity":"","overlay-gradient":""},"mobile":{"background-color":"","background-image":"","background-repeat":"repeat","background-position":"center center","background-size":"auto","background-attachment":"scroll","background-type":"","background-media":"","overlay-type":"","overlay-color":"","overlay-opacity":"","overlay-gradient":""}},"ast-content-background-meta":{"desktop":{"background-color":"var(--ast-global-color-5)","background-image":"","background-repeat":"repeat","background-position":"center center","background-size":"auto","background-attachment":"scroll","background-type":"","background-media":"","overlay-type":"","overlay-color":"","overlay-opacity":"","overlay-gradient":""},"tablet":{"background-color":"var(--ast-global-color-5)","background-image":"","background-repeat":"repeat","background-position":"center center","background-size":"auto","background-attachment":"scroll","background-type":"","background-media":"","overlay-type":"","overlay-color":"","overlay-opacity":"","overlay-gradient":""},"mobile":{"background-color":"var(--ast-global-color-5)","background-image":"","background-repeat":"repeat","background-position":"center center","background-size":"auto","background-attachment":"scroll","background-type":"","background-media":"","overlay-type":"","overlay-color":"","overlay-opacity":"","overlay-gradient":""}},"footnotes":""},"class_list":["post-3250","page","type-page","status-publish","hentry"],"uagb_featured_image_src":{"full":false,"thumbnail":false,"medium":false,"medium_large":false,"large":false,"1536x1536":false,"2048x2048":false,"trp-custom-language-flag":false,"woocommerce_thumbnail":false,"woocommerce_single":false,"woocommerce_gallery_thumbnail":false},"uagb_author_info":{"display_name":"admin","author_link":"https:\/\/marvpsru.org\/fr\/author\/admin\/"},"uagb_comment_info":0,"uagb_excerpt":"Swami Dayanand His original name was Mool Shankar. He was born on 12 February 1824 in Tankara, Gujarat. His father was a devotee of Lord Shiva. When Mool Shankar was [&hellip;]","_links":{"self":[{"href":"https:\/\/marvpsru.org\/fr\/wp-json\/wp\/v2\/pages\/3250","targetHints":{"allow":["GET"]}}],"collection":[{"href":"https:\/\/marvpsru.org\/fr\/wp-json\/wp\/v2\/pages"}],"about":[{"href":"https:\/\/marvpsru.org\/fr\/wp-json\/wp\/v2\/types\/page"}],"author":[{"embeddable":true,"href":"https:\/\/marvpsru.org\/fr\/wp-json\/wp\/v2\/users\/1"}],"replies":[{"embeddable":true,"href":"https:\/\/marvpsru.org\/fr\/wp-json\/wp\/v2\/comments?post=3250"}],"version-history":[{"count":0,"href":"https:\/\/marvpsru.org\/fr\/wp-json\/wp\/v2\/pages\/3250\/revisions"}],"wp:attachment":[{"href":"https:\/\/marvpsru.org\/fr\/wp-json\/wp\/v2\/media?parent=3250"}],"curies":[{"name":"wp","href":"https:\/\/api.w.org\/{rel}","templated":true}]}}