{"id":3235,"date":"2022-03-08T07:28:58","date_gmt":"2022-03-08T07:28:58","guid":{"rendered":"http:\/\/localhost\/wordpress\/?page_id=3235"},"modified":"2022-10-14T10:52:13","modified_gmt":"2022-10-14T10:52:13","slug":"arya-samaj","status":"publish","type":"page","link":"https:\/\/marvpsru.org\/fr\/arya-samaj\/","title":{"rendered":"Arya Samaj"},"content":{"rendered":"<div data-elementor-type=\"wp-page\" data-elementor-id=\"3235\" class=\"elementor elementor-3235\">\n\t\t\t\t\t\t<section class=\"elementor-section elementor-top-section elementor-element elementor-element-0dad0a4 elementor-section-boxed elementor-section-height-default elementor-section-height-default\" data-id=\"0dad0a4\" data-element_type=\"section\">\n\t\t\t\t\t\t<div class=\"elementor-container elementor-column-gap-default\">\n\t\t\t\t\t<div class=\"elementor-column elementor-col-100 elementor-top-column elementor-element elementor-element-966a7c7\" data-id=\"966a7c7\" data-element_type=\"column\">\n\t\t\t<div class=\"elementor-widget-wrap elementor-element-populated\">\n\t\t\t\t\t\t<div class=\"elementor-element elementor-element-91e35e1 elementor-widget elementor-widget-heading\" data-id=\"91e35e1\" data-element_type=\"widget\" data-widget_type=\"heading.default\">\n\t\t\t\t\t<h2 class=\"elementor-heading-title elementor-size-default\">Arya Samaj<\/h2>\t\t\t\t<\/div>\n\t\t\t\t\t<\/div>\n\t\t<\/div>\n\t\t\t\t\t<\/div>\n\t\t<\/section>\n\t\t\t\t<section class=\"elementor-section elementor-top-section elementor-element elementor-element-18a115b elementor-section-boxed elementor-section-height-default elementor-section-height-default\" data-id=\"18a115b\" data-element_type=\"section\">\n\t\t\t\t\t\t<div class=\"elementor-container elementor-column-gap-default\">\n\t\t\t\t\t<div class=\"elementor-column elementor-col-50 elementor-top-column elementor-element elementor-element-e0262a3\" data-id=\"e0262a3\" data-element_type=\"column\">\n\t\t\t<div class=\"elementor-widget-wrap elementor-element-populated\">\n\t\t\t\t\t\t<div class=\"elementor-element elementor-element-93cbdb7 elementor-widget elementor-widget-image\" data-id=\"93cbdb7\" data-element_type=\"widget\" data-widget_type=\"image.default\">\n\t\t\t\t\t\t\t\t\t\t\t\t\t\t\t<img loading=\"lazy\" decoding=\"async\" width=\"394\" height=\"447\" src=\"https:\/\/marvpsru.org\/wp-content\/uploads\/2022\/03\/swami3.jpg\" class=\"attachment-full size-full wp-image-5441\" alt=\"\" srcset=\"https:\/\/marvpsru.org\/wp-content\/uploads\/2022\/03\/swami3.jpg 394w, https:\/\/marvpsru.org\/wp-content\/uploads\/2022\/03\/swami3-264x300.jpg 264w, https:\/\/marvpsru.org\/wp-content\/uploads\/2022\/03\/swami3-11x12.jpg 11w\" sizes=\"auto, (max-width: 394px) 100vw, 394px\" \/>\t\t\t\t\t\t\t\t\t\t\t\t\t\t\t<\/div>\n\t\t\t\t\t<\/div>\n\t\t<\/div>\n\t\t\t\t<div class=\"elementor-column elementor-col-50 elementor-top-column elementor-element elementor-element-6b5c0d2\" data-id=\"6b5c0d2\" data-element_type=\"column\">\n\t\t\t<div class=\"elementor-widget-wrap elementor-element-populated\">\n\t\t\t\t\t\t<div class=\"elementor-element elementor-element-a54c062 elementor-widget elementor-widget-text-editor\" data-id=\"a54c062\" data-element_type=\"widget\" data-widget_type=\"text-editor.default\">\n\t\t\t\t\t\t\t\t\t<p>Arya Samaj, fond\u00e9e par Swami Dayanand Saraswati le 10 avril 1875 \u00e0 Bombay (aujourd&#039;hui Mumbai), est un mouvement de r\u00e9forme sociale. Contrairement \u00e0 certaines id\u00e9es re\u00e7ues, il ne s&#039;agit pas d&#039;une religion ou d&#039;une nouvelle secte dans la religion hindoue. Swami Dayanand a r\u00e9uni un certain nombre de membres concern\u00e9s de la soci\u00e9t\u00e9 pour \u00e9liminer les maux qui pr\u00e9valaient au sein de la soci\u00e9t\u00e9 hindoue au 19\u00e8me si\u00e8cle.<\/p><p>La mission principale de l&#039;Arya Samaj est d&#039;\u00e9radiquer l&#039;Ignorance (Agyan), l&#039;Indigence ou la Pauvret\u00e9 (Abhav) et l&#039;Injustice (Anayay) de cette terre. Cette mission est inscrite dans les dix Niyams ou Principes (\u00e9num\u00e9r\u00e9s \u00e0 la page suivante). Les quatre Vedas, Rig-Veda, Yajur Veda, Sam Veda et Atharva Veda, sont la source de l&#039;orientation (d\u00e9crit dans la section Invocation). Arya Samaj croit en un seul Dieu, connu sous le nom d&#039;Om, qui est Omnipr\u00e9sent, Omnipotent, Omniscient, Source de toute Intelligence et F\u00e9licit\u00e9, Mis\u00e9ricordieux et Juste. Arya Samaj ne croit pas au culte des idoles.<\/p><p>L&#039;une des principales missions de l&#039;Arya Samaj a \u00e9t\u00e9 l&#039;\u00e9ducation. Arya Samaj est l&#039;un des plus grands fournisseurs d&#039;\u00e9ducation en Inde, du niveau pr\u00e9scolaire au niveau universitaire. Arya Samaj met particuli\u00e8rement l&#039;accent sur l&#039;\u00e9ducation des femmes. Alors que les Indiens s&#039;\u00e9loignaient des fronti\u00e8res de l&#039;Inde pour s&#039;installer dans d&#039;autres pays, plusieurs portaient avec eux les principes d&#039;Arya Samaj.<\/p>\t\t\t\t\t\t\t\t<\/div>\n\t\t\t\t\t<\/div>\n\t\t<\/div>\n\t\t\t\t\t<\/div>\n\t\t<\/section>\n\t\t\t\t<section class=\"elementor-section elementor-top-section elementor-element elementor-element-1ed2923 elementor-section-boxed elementor-section-height-default elementor-section-height-default\" data-id=\"1ed2923\" data-element_type=\"section\">\n\t\t\t\t\t\t<div class=\"elementor-container elementor-column-gap-default\">\n\t\t\t\t\t<div class=\"elementor-column elementor-col-100 elementor-top-column elementor-element elementor-element-a4a66d9\" data-id=\"a4a66d9\" data-element_type=\"column\">\n\t\t\t<div class=\"elementor-widget-wrap elementor-element-populated\">\n\t\t\t\t\t\t<div class=\"elementor-element elementor-element-7fdabb8 elementor-widget elementor-widget-text-editor\" data-id=\"7fdabb8\" data-element_type=\"widget\" data-widget_type=\"text-editor.default\">\n\t\t\t\t\t\t\t\t\t<p>\u00a0Ils ont \u00e9tabli des branches d&#039;Arya Samaj dans leurs pays d&#039;adoption afin de poursuivre le bon travail, d&#039;\u00e9duquer leur prog\u00e9niture sur la riche histoire, le patrimoine culturel et les traditions de l&#039;Inde, et de les inspirer \u00e0 poursuivre les croyances et les pratiques d&#039;Arya Samaj.<\/p><p>En 1934, Rambissoon Beeharry, Outimdass Mungra, Ramlochan Beedaysee, Rambhujun Bholah, Paltoo Ghiseewon, Motilall Soyambar, Jankeeparsad Calcatteea et Dayal Toolsee. Debout : Harilall Musuddy, Ramkissoon Ghoorah, Raghoananam Chacowree, Ramparsad Baljore, Sagar Ghurburrun, Ramparsad Ballee, Poolun Calcutta, Mahabir Ramsalick et Deonarain Mangra, les Fondateurs de la Mauritius Arya Ravi Ved Pracharini Sabha (MARVPS) forment une soci\u00e9t\u00e9 qui regrouperait les divers relanc\u00e9s \u00e0 Maurice, cons\u00e9quence directe de leur travail acharn\u00e9 et de leur enthousiasme.<\/p>\t\t\t\t\t\t\t\t<\/div>\n\t\t\t\t\t<\/div>\n\t\t<\/div>\n\t\t\t\t\t<\/div>\n\t\t<\/section>\n\t\t\t\t<section class=\"elementor-section elementor-top-section elementor-element elementor-element-4f80ca0 elementor-section-boxed elementor-section-height-default elementor-section-height-default\" data-id=\"4f80ca0\" data-element_type=\"section\">\n\t\t\t\t\t\t<div class=\"elementor-container elementor-column-gap-default\">\n\t\t\t\t\t<div class=\"elementor-column elementor-col-100 elementor-top-column elementor-element elementor-element-f767b0a\" data-id=\"f767b0a\" data-element_type=\"column\">\n\t\t\t<div class=\"elementor-widget-wrap elementor-element-populated\">\n\t\t\t\t\t\t<div class=\"elementor-element elementor-element-920b1d2 elementor-widget elementor-widget-spacer\" data-id=\"920b1d2\" data-element_type=\"widget\" data-widget_type=\"spacer.default\">\n\t\t\t\t\t\t\t<div class=\"elementor-spacer\">\n\t\t\t<div class=\"elementor-spacer-inner\"><\/div>\n\t\t<\/div>\n\t\t\t\t\t\t<\/div>\n\t\t\t\t\t<\/div>\n\t\t<\/div>\n\t\t\t\t\t<\/div>\n\t\t<\/section>\n\t\t\t\t<\/div>","protected":false},"excerpt":{"rendered":"<p>Arya Samaj Arya Samaj, founded by Swami Dayanand Saraswati on April 10, 1875 in Bombay (now Mumbai), is a social reform movement. Contrary to some misconceptions, it is not a [&hellip;]<\/p>","protected":false},"author":1,"featured_media":0,"parent":0,"menu_order":0,"comment_status":"closed","ping_status":"closed","template":"","meta":{"_uag_custom_page_level_css":"","site-sidebar-layout":"no-sidebar","site-content-layout":"page-builder","ast-site-content-layout":"default","site-content-style":"default","site-sidebar-style":"default","ast-global-header-display":"","ast-banner-title-visibility":"","ast-main-header-display":"","ast-hfb-above-header-display":"","ast-hfb-below-header-display":"","ast-hfb-mobile-header-display":"","site-post-title":"disabled","ast-breadcrumbs-content":"","ast-featured-img":"disabled","footer-sml-layout":"","theme-transparent-header-meta":"","adv-header-id-meta":"","stick-header-meta":"","header-above-stick-meta":"","header-main-stick-meta":"","header-below-stick-meta":"","astra-migrate-meta-layouts":"default","ast-page-background-enabled":"default","ast-page-background-meta":{"desktop":{"background-color":"","background-image":"","background-repeat":"repeat","background-position":"center center","background-size":"auto","background-attachment":"scroll","background-type":"","background-media":"","overlay-type":"","overlay-color":"","overlay-opacity":"","overlay-gradient":""},"tablet":{"background-color":"","background-image":"","background-repeat":"repeat","background-position":"center center","background-size":"auto","background-attachment":"scroll","background-type":"","background-media":"","overlay-type":"","overlay-color":"","overlay-opacity":"","overlay-gradient":""},"mobile":{"background-color":"","background-image":"","background-repeat":"repeat","background-position":"center center","background-size":"auto","background-attachment":"scroll","background-type":"","background-media":"","overlay-type":"","overlay-color":"","overlay-opacity":"","overlay-gradient":""}},"ast-content-background-meta":{"desktop":{"background-color":"var(--ast-global-color-5)","background-image":"","background-repeat":"repeat","background-position":"center center","background-size":"auto","background-attachment":"scroll","background-type":"","background-media":"","overlay-type":"","overlay-color":"","overlay-opacity":"","overlay-gradient":""},"tablet":{"background-color":"var(--ast-global-color-5)","background-image":"","background-repeat":"repeat","background-position":"center center","background-size":"auto","background-attachment":"scroll","background-type":"","background-media":"","overlay-type":"","overlay-color":"","overlay-opacity":"","overlay-gradient":""},"mobile":{"background-color":"var(--ast-global-color-5)","background-image":"","background-repeat":"repeat","background-position":"center center","background-size":"auto","background-attachment":"scroll","background-type":"","background-media":"","overlay-type":"","overlay-color":"","overlay-opacity":"","overlay-gradient":""}},"footnotes":""},"class_list":["post-3235","page","type-page","status-publish","hentry"],"uagb_featured_image_src":{"full":false,"thumbnail":false,"medium":false,"medium_large":false,"large":false,"1536x1536":false,"2048x2048":false,"trp-custom-language-flag":false,"woocommerce_thumbnail":false,"woocommerce_single":false,"woocommerce_gallery_thumbnail":false},"uagb_author_info":{"display_name":"admin","author_link":"https:\/\/marvpsru.org\/fr\/author\/admin\/"},"uagb_comment_info":0,"uagb_excerpt":"Arya Samaj Arya Samaj, founded by Swami Dayanand Saraswati on April 10, 1875 in Bombay (now Mumbai), is a social reform movement. Contrary to some misconceptions, it is not a [&hellip;]","_links":{"self":[{"href":"https:\/\/marvpsru.org\/fr\/wp-json\/wp\/v2\/pages\/3235","targetHints":{"allow":["GET"]}}],"collection":[{"href":"https:\/\/marvpsru.org\/fr\/wp-json\/wp\/v2\/pages"}],"about":[{"href":"https:\/\/marvpsru.org\/fr\/wp-json\/wp\/v2\/types\/page"}],"author":[{"embeddable":true,"href":"https:\/\/marvpsru.org\/fr\/wp-json\/wp\/v2\/users\/1"}],"replies":[{"embeddable":true,"href":"https:\/\/marvpsru.org\/fr\/wp-json\/wp\/v2\/comments?post=3235"}],"version-history":[{"count":0,"href":"https:\/\/marvpsru.org\/fr\/wp-json\/wp\/v2\/pages\/3235\/revisions"}],"wp:attachment":[{"href":"https:\/\/marvpsru.org\/fr\/wp-json\/wp\/v2\/media?parent=3235"}],"curies":[{"name":"wp","href":"https:\/\/api.w.org\/{rel}","templated":true}]}}