{"id":2461,"date":"2022-02-14T12:21:38","date_gmt":"2022-02-14T12:21:38","guid":{"rendered":"http:\/\/localhost\/wordpress\/?page_id=2461"},"modified":"2022-10-06T05:39:44","modified_gmt":"2022-10-06T05:39:44","slug":"about-us","status":"publish","type":"page","link":"https:\/\/marvpsru.org\/fr\/about-us\/","title":{"rendered":"\u00c0 propos de nous"},"content":{"rendered":"<div data-elementor-type=\"wp-page\" data-elementor-id=\"2461\" class=\"elementor elementor-2461\">\n\t\t\t\t\t\t<section class=\"elementor-section elementor-top-section elementor-element elementor-element-6626db3 elementor-section-boxed elementor-section-height-default elementor-section-height-default\" data-id=\"6626db3\" data-element_type=\"section\">\n\t\t\t\t\t\t<div class=\"elementor-container elementor-column-gap-default\">\n\t\t\t\t\t<div class=\"elementor-column elementor-col-100 elementor-top-column elementor-element elementor-element-bd50320\" data-id=\"bd50320\" data-element_type=\"column\">\n\t\t\t<div class=\"elementor-widget-wrap elementor-element-populated\">\n\t\t\t\t\t\t<div class=\"elementor-element elementor-element-9e3db28 elementor-widget elementor-widget-heading\" data-id=\"9e3db28\" data-element_type=\"widget\" data-widget_type=\"heading.default\">\n\t\t\t\t\t<h2 class=\"elementor-heading-title elementor-size-default\">\u00c0 propos de nous<\/h2>\t\t\t\t<\/div>\n\t\t\t\t\t<\/div>\n\t\t<\/div>\n\t\t\t\t\t<\/div>\n\t\t<\/section>\n\t\t\t\t<section class=\"elementor-section elementor-top-section elementor-element elementor-element-72fb65e elementor-section-boxed elementor-section-height-default elementor-section-height-default\" data-id=\"72fb65e\" data-element_type=\"section\">\n\t\t\t\t\t\t<div class=\"elementor-container elementor-column-gap-default\">\n\t\t\t\t\t<div class=\"elementor-column elementor-col-50 elementor-top-column elementor-element elementor-element-63f303f\" data-id=\"63f303f\" data-element_type=\"column\">\n\t\t\t<div class=\"elementor-widget-wrap elementor-element-populated\">\n\t\t\t\t\t\t<div class=\"elementor-element elementor-element-bb7de54 elementor-widget elementor-widget-text-editor\" data-id=\"bb7de54\" data-element_type=\"widget\" data-widget_type=\"text-editor.default\">\n\t\t\t\t\t\t\t\t\t<p>Maurice Arya Ravi ved Pracharini Sabha \u2013 Fond\u00e9e en 1930, enregistr\u00e9e le 9 f\u00e9vrier 1934. Signification de : Arya : Celui qui accepte et pratique les principes des \u00ab enseignements v\u00e9diques \u00bb Ravi : signifie Soleil, c&#039;est-\u00e0-dire Source de vie, d&#039;\u00e9nergie, de force et de Repr\u00e9sentant du Cr\u00e9ateur (Dieu). Ved Pracharini : signifie association pour la pr\u00e9dication des V\u00e9das et autres \u00c9critures v\u00e9diques Le sabha a un sceau commun portant son nom et ayant le dessin d&#039;un soleil levant.<\/p>\t\t\t\t\t\t\t\t<\/div>\n\t\t\t\t\t<\/div>\n\t\t<\/div>\n\t\t\t\t<div class=\"elementor-column elementor-col-50 elementor-top-column elementor-element elementor-element-22dadc1\" data-id=\"22dadc1\" data-element_type=\"column\">\n\t\t\t<div class=\"elementor-widget-wrap elementor-element-populated\">\n\t\t\t\t\t\t<div class=\"elementor-element elementor-element-2959c3c elementor-widget elementor-widget-sidebar\" data-id=\"2959c3c\" data-element_type=\"widget\" data-widget_type=\"sidebar.default\">\n\t\t\t\t\t<aside id=\"block-2\" class=\"widget widget_block widget_search\"><form role=\"search\" method=\"get\" action=\"https:\/\/marvpsru.org\/fr\/\" class=\"wp-block-search__button-outside wp-block-search__text-button wp-block-search\" data-trp-original-action=\"https:\/\/marvpsru.org\/fr\/\"    ><label class=\"wp-block-search__label\" for=\"wp-block-search__input-1\" >Rechercher<\/label><div class=\"wp-block-search__inside-wrapper\" ><input class=\"wp-block-search__input\" id=\"wp-block-search__input-1\" placeholder=\"\" value=\"\" type=\"search\" name=\"s\" required \/><button aria-label=\"Rechercher\" class=\"wp-block-search__button wp-element-button\" type=\"submit\" >Rechercher<\/button><\/div><input type=\"hidden\" name=\"trp-form-language\" value=\"fr\"\/><\/form><\/aside><aside id=\"block-26\" class=\"widget widget_block\">\n<div class=\"wp-block-group is-layout-flow wp-block-group-is-layout-flow\">\n<div class=\"wp-block-columns is-layout-flex wp-container-core-columns-is-layout-28f84493 wp-block-columns-is-layout-flex\">\n<div class=\"wp-block-column is-layout-flow wp-block-column-is-layout-flow\" style=\"flex-basis:100%\">\n<div class=\"inherit-container-width wp-block-group is-layout-constrained wp-block-group-is-layout-constrained\">\n<h3 class=\"wp-block-heading\" id=\"recent-posts\">Messages r\u00e9cents<\/h3>\n\n\n<ul class=\"wp-block-latest-posts__list alignleft wp-block-latest-posts\"><li><div class=\"wp-block-latest-posts__featured-image alignleft\"><img loading=\"lazy\" decoding=\"async\" width=\"150\" height=\"150\" src=\"https:\/\/marvpsru.org\/wp-content\/uploads\/2026\/02\/Rishi-Bodh-150x150.jpeg\" class=\"attachment-thumbnail size-thumbnail wp-post-image\" alt=\"\" style=\"max-width:75px;max-height:75px;\" srcset=\"https:\/\/marvpsru.org\/wp-content\/uploads\/2026\/02\/Rishi-Bodh-150x150.jpeg 150w, https:\/\/marvpsru.org\/wp-content\/uploads\/2026\/02\/Rishi-Bodh-300x300.jpeg 300w, https:\/\/marvpsru.org\/wp-content\/uploads\/2026\/02\/Rishi-Bodh-100x100.jpeg 100w\" sizes=\"auto, (max-width: 150px) 100vw, 150px\" \/><\/div><a class=\"wp-block-latest-posts__post-title\" href=\"https:\/\/marvpsru.org\/fr\/rishi-bodh2026\/\">Maharshi Dayanand Jayanti &amp; Rishi Bodh Utsav<\/a><\/li>\n<li><div class=\"wp-block-latest-posts__featured-image alignleft\"><img loading=\"lazy\" decoding=\"async\" width=\"150\" height=\"150\" src=\"https:\/\/marvpsru.org\/wp-content\/uploads\/2022\/06\/279604419_320605310144743_979733717705666218_n-150x150.jpg\" class=\"attachment-thumbnail size-thumbnail wp-post-image\" alt=\"\" style=\"max-width:75px;max-height:75px;\" srcset=\"https:\/\/marvpsru.org\/wp-content\/uploads\/2022\/06\/279604419_320605310144743_979733717705666218_n-150x150.jpg 150w, https:\/\/marvpsru.org\/wp-content\/uploads\/2022\/06\/279604419_320605310144743_979733717705666218_n-300x300.jpg 300w, https:\/\/marvpsru.org\/wp-content\/uploads\/2022\/06\/279604419_320605310144743_979733717705666218_n-100x100.jpg 100w\" sizes=\"auto, (max-width: 150px) 100vw, 150px\" \/><\/div><a class=\"wp-block-latest-posts__post-title\" href=\"https:\/\/marvpsru.org\/fr\/marvps-extended-financial-support-to-a-needy-family\/\">MARVPS a \u00e9tendu son soutien financier \u00e0 une famille dans le besoin<\/a><\/li>\n<li><div class=\"wp-block-latest-posts__featured-image alignleft\"><img loading=\"lazy\" decoding=\"async\" width=\"150\" height=\"150\" src=\"https:\/\/marvpsru.org\/wp-content\/uploads\/2022\/06\/279917870_321867513351856_8035808893326351545_n-150x150.jpg\" class=\"attachment-thumbnail size-thumbnail wp-post-image\" alt=\"\" style=\"max-width:75px;max-height:75px;\" srcset=\"https:\/\/marvpsru.org\/wp-content\/uploads\/2022\/06\/279917870_321867513351856_8035808893326351545_n-150x150.jpg 150w, https:\/\/marvpsru.org\/wp-content\/uploads\/2022\/06\/279917870_321867513351856_8035808893326351545_n-300x300.jpg 300w, https:\/\/marvpsru.org\/wp-content\/uploads\/2022\/06\/279917870_321867513351856_8035808893326351545_n-100x100.jpg 100w\" sizes=\"auto, (max-width: 150px) 100vw, 150px\" \/><\/div><a class=\"wp-block-latest-posts__post-title\" href=\"https:\/\/marvpsru.org\/fr\/swami-ritaspatiji-meets-with-the-mc-members-of-marvps-and-members-of-surya-bhawan-at-solferino\/\">Swami Ritaspatiji rencontre les membres MC de MARVPS et les membres de Surya Bhawan \u00e0 Solferino.<\/a><\/li>\n<li><div class=\"wp-block-latest-posts__featured-image alignleft\"><img loading=\"lazy\" decoding=\"async\" width=\"150\" height=\"150\" src=\"https:\/\/marvpsru.org\/wp-content\/uploads\/2022\/10\/Arya-Ravi-Ved-2-150x150.jpg\" class=\"attachment-thumbnail size-thumbnail wp-post-image\" alt=\"Arya-Ravi-Ved-2\" style=\"max-width:75px;max-height:75px;\" srcset=\"https:\/\/marvpsru.org\/wp-content\/uploads\/2022\/10\/Arya-Ravi-Ved-2-150x150.jpg 150w, https:\/\/marvpsru.org\/wp-content\/uploads\/2022\/10\/Arya-Ravi-Ved-2-300x300.jpg 300w, https:\/\/marvpsru.org\/wp-content\/uploads\/2022\/10\/Arya-Ravi-Ved-2-100x100.jpg 100w\" sizes=\"auto, (max-width: 150px) 100vw, 150px\" \/><\/div><a class=\"wp-block-latest-posts__post-title\" href=\"https:\/\/marvpsru.org\/fr\/yaj-at-bois-doiseaux-organised-by-the-mahila-samaj\/\">Yaj au Bois D&#039;oiseaux organis\u00e9 par le Mahila Samaj<\/a><\/li>\n<li><div class=\"wp-block-latest-posts__featured-image alignleft\"><img loading=\"lazy\" decoding=\"async\" width=\"150\" height=\"150\" src=\"https:\/\/marvpsru.org\/wp-content\/uploads\/2022\/03\/Satsang-1536x1152-1-150x150.jpg\" class=\"attachment-thumbnail size-thumbnail wp-post-image\" alt=\"\" style=\"max-width:75px;max-height:75px;\" srcset=\"https:\/\/marvpsru.org\/wp-content\/uploads\/2022\/03\/Satsang-1536x1152-1-150x150.jpg 150w, https:\/\/marvpsru.org\/wp-content\/uploads\/2022\/03\/Satsang-1536x1152-1-100x100.jpg 100w\" sizes=\"auto, (max-width: 150px) 100vw, 150px\" \/><\/div><a class=\"wp-block-latest-posts__post-title\" href=\"https:\/\/marvpsru.org\/fr\/satsang-at-triolet-marvps-shakha-22-may-2022\/\">Satsang au Triolet MARVPS Shakha \u2013 22 mai 2022<\/a><\/li>\n<\/ul><\/div>\n<\/div>\n<\/div>\n<\/div>\n<\/aside><aside id=\"block-4\" class=\"widget widget_block\">\n<div class=\"wp-block-group is-layout-flow wp-block-group-is-layout-flow\">\n<h3 class=\"wp-block-heading\" id=\"recent-comments\">Commentaires r\u00e9cents<\/h3>\n\n\n<div class=\"no-comments wp-block-latest-comments\">Aucun commentaire \u00e0 afficher.<\/div><\/div>\n<\/aside><aside id=\"block-5\" class=\"widget widget_block\">\n<div class=\"wp-block-group is-layout-flow wp-block-group-is-layout-flow\">\n<h3 class=\"wp-block-heading\" id=\"archives\">Les archives<\/h3>\n\n\n<ul class=\"wp-block-archives-list wp-block-archives\">\t<li><a href='https:\/\/marvpsru.org\/fr\/2026\/02\/'>f\u00e9vrier 2026<\/a><\/li>\n\t<li><a href='https:\/\/marvpsru.org\/fr\/2022\/06\/'>juin 2022<\/a><\/li>\n\t<li><a href='https:\/\/marvpsru.org\/fr\/2022\/04\/'>avril 2022<\/a><\/li>\n\t<li><a href='https:\/\/marvpsru.org\/fr\/2022\/03\/'>mars 2022<\/a><\/li>\n\t<li><a href='https:\/\/marvpsru.org\/fr\/2019\/07\/'>juillet 2019<\/a><\/li>\n\t<li><a href='https:\/\/marvpsru.org\/fr\/2014\/02\/'>f\u00e9vrier 2014<\/a><\/li>\n\t<li><a href='https:\/\/marvpsru.org\/fr\/2011\/10\/'>octobre 2011<\/a><\/li>\n<\/ul><\/div>\n<\/aside><aside id=\"categories-1\" class=\"widget widget_categories\"><h2 class=\"widget-title\">Cat\u00e9gories<\/h2><nav aria-label=\"Cat\u00e9gories\">\n\t\t\t<ul>\n\t\t\t\t\t<li class=\"cat-item cat-item-34\"><a href=\"https:\/\/marvpsru.org\/fr\/category\/committee-member\/\">Membre du comit\u00e9<\/a>\n<\/li>\n\t<li class=\"cat-item cat-item-9\"><a href=\"https:\/\/marvpsru.org\/fr\/category\/elections\/\">\u00c9lections<\/a>\n<\/li>\n\t<li class=\"cat-item cat-item-33\"><a href=\"https:\/\/marvpsru.org\/fr\/category\/general-member\/\">Membre g\u00e9n\u00e9ral<\/a>\n<\/li>\n\t<li class=\"cat-item cat-item-36\"><a href=\"https:\/\/marvpsru.org\/fr\/category\/press-release\/\">Communiqu\u00e9 de presse<\/a>\n<\/li>\n\t<li class=\"cat-item cat-item-35\"><a href=\"https:\/\/marvpsru.org\/fr\/category\/priests\/\">Pr\u00eatres<\/a>\n<\/li>\n\t<li class=\"cat-item cat-item-32\"><a href=\"https:\/\/marvpsru.org\/fr\/category\/public\/\">Public<\/a>\n<\/li>\n\t\t\t<\/ul>\n\n\t\t\t<\/nav><\/aside>\t\t\t\t<\/div>\n\t\t\t\t\t<\/div>\n\t\t<\/div>\n\t\t\t\t\t<\/div>\n\t\t<\/section>\n\t\t\t\t<\/div>","protected":false},"excerpt":{"rendered":"<p>About us Mauritius Arya Ravi ved Pracharini Sabha \u2013 Founded in 1930, Registered on 9 Feb. 1934. Meaning of: Arya: One who accepts and practices the principles of the \u2018Vedic [&hellip;]<\/p>","protected":false},"author":1,"featured_media":0,"parent":0,"menu_order":0,"comment_status":"closed","ping_status":"closed","template":"","meta":{"_uag_custom_page_level_css":"","site-sidebar-layout":"no-sidebar","site-content-layout":"page-builder","ast-site-content-layout":"default","site-content-style":"default","site-sidebar-style":"default","ast-global-header-display":"","ast-banner-title-visibility":"","ast-main-header-display":"","ast-hfb-above-header-display":"","ast-hfb-below-header-display":"","ast-hfb-mobile-header-display":"","site-post-title":"disabled","ast-breadcrumbs-content":"","ast-featured-img":"disabled","footer-sml-layout":"","theme-transparent-header-meta":"","adv-header-id-meta":"","stick-header-meta":"","header-above-stick-meta":"","header-main-stick-meta":"","header-below-stick-meta":"","astra-migrate-meta-layouts":"default","ast-page-background-enabled":"default","ast-page-background-meta":{"desktop":{"background-color":"","background-image":"","background-repeat":"repeat","background-position":"center center","background-size":"auto","background-attachment":"scroll","background-type":"","background-media":"","overlay-type":"","overlay-color":"","overlay-opacity":"","overlay-gradient":""},"tablet":{"background-color":"","background-image":"","background-repeat":"repeat","background-position":"center center","background-size":"auto","background-attachment":"scroll","background-type":"","background-media":"","overlay-type":"","overlay-color":"","overlay-opacity":"","overlay-gradient":""},"mobile":{"background-color":"","background-image":"","background-repeat":"repeat","background-position":"center center","background-size":"auto","background-attachment":"scroll","background-type":"","background-media":"","overlay-type":"","overlay-color":"","overlay-opacity":"","overlay-gradient":""}},"ast-content-background-meta":{"desktop":{"background-color":"var(--ast-global-color-5)","background-image":"","background-repeat":"repeat","background-position":"center center","background-size":"auto","background-attachment":"scroll","background-type":"","background-media":"","overlay-type":"","overlay-color":"","overlay-opacity":"","overlay-gradient":""},"tablet":{"background-color":"var(--ast-global-color-5)","background-image":"","background-repeat":"repeat","background-position":"center center","background-size":"auto","background-attachment":"scroll","background-type":"","background-media":"","overlay-type":"","overlay-color":"","overlay-opacity":"","overlay-gradient":""},"mobile":{"background-color":"var(--ast-global-color-5)","background-image":"","background-repeat":"repeat","background-position":"center center","background-size":"auto","background-attachment":"scroll","background-type":"","background-media":"","overlay-type":"","overlay-color":"","overlay-opacity":"","overlay-gradient":""}},"footnotes":""},"class_list":["post-2461","page","type-page","status-publish","hentry"],"uagb_featured_image_src":{"full":false,"thumbnail":false,"medium":false,"medium_large":false,"large":false,"1536x1536":false,"2048x2048":false,"trp-custom-language-flag":false,"woocommerce_thumbnail":false,"woocommerce_single":false,"woocommerce_gallery_thumbnail":false},"uagb_author_info":{"display_name":"admin","author_link":"https:\/\/marvpsru.org\/fr\/author\/admin\/"},"uagb_comment_info":0,"uagb_excerpt":"About us Mauritius Arya Ravi ved Pracharini Sabha \u2013 Founded in 1930, Registered on 9 Feb. 1934. Meaning of: Arya: One who accepts and practices the principles of the \u2018Vedic [&hellip;]","_links":{"self":[{"href":"https:\/\/marvpsru.org\/fr\/wp-json\/wp\/v2\/pages\/2461","targetHints":{"allow":["GET"]}}],"collection":[{"href":"https:\/\/marvpsru.org\/fr\/wp-json\/wp\/v2\/pages"}],"about":[{"href":"https:\/\/marvpsru.org\/fr\/wp-json\/wp\/v2\/types\/page"}],"author":[{"embeddable":true,"href":"https:\/\/marvpsru.org\/fr\/wp-json\/wp\/v2\/users\/1"}],"replies":[{"embeddable":true,"href":"https:\/\/marvpsru.org\/fr\/wp-json\/wp\/v2\/comments?post=2461"}],"version-history":[{"count":0,"href":"https:\/\/marvpsru.org\/fr\/wp-json\/wp\/v2\/pages\/2461\/revisions"}],"wp:attachment":[{"href":"https:\/\/marvpsru.org\/fr\/wp-json\/wp\/v2\/media?parent=2461"}],"curies":[{"name":"wp","href":"https:\/\/api.w.org\/{rel}","templated":true}]}}