{"id":2183,"date":"2022-02-09T13:48:32","date_gmt":"2022-02-09T13:48:32","guid":{"rendered":"https:\/\/starlinksolutions.xyz\/?page_id=2183"},"modified":"2022-10-18T06:34:20","modified_gmt":"2022-10-18T06:34:20","slug":"the-matri-sabha","status":"publish","type":"page","link":"https:\/\/marvpsru.org\/fr\/the-matri-sabha\/","title":{"rendered":"La Matri Sabha"},"content":{"rendered":"<div data-elementor-type=\"wp-page\" data-elementor-id=\"2183\" class=\"elementor elementor-2183\">\n\t\t\t\t\t\t<section class=\"elementor-section elementor-top-section elementor-element elementor-element-f4b4632 elementor-section-boxed elementor-section-height-default elementor-section-height-default\" data-id=\"f4b4632\" data-element_type=\"section\">\n\t\t\t\t\t\t<div class=\"elementor-container elementor-column-gap-default\">\n\t\t\t\t\t<div class=\"elementor-column elementor-col-100 elementor-top-column elementor-element elementor-element-0f37ed5\" data-id=\"0f37ed5\" data-element_type=\"column\">\n\t\t\t<div class=\"elementor-widget-wrap elementor-element-populated\">\n\t\t\t\t\t\t<div class=\"elementor-element elementor-element-060b8ff elementor-widget elementor-widget-heading\" data-id=\"060b8ff\" data-element_type=\"widget\" data-widget_type=\"heading.default\">\n\t\t\t\t\t<h2 class=\"elementor-heading-title elementor-size-default\">La Matri Sabha\n<\/h2>\t\t\t\t<\/div>\n\t\t\t\t\t<\/div>\n\t\t<\/div>\n\t\t\t\t\t<\/div>\n\t\t<\/section>\n\t\t\t\t<section class=\"elementor-section elementor-top-section elementor-element elementor-element-4e3f468 elementor-section-boxed elementor-section-height-default elementor-section-height-default\" data-id=\"4e3f468\" data-element_type=\"section\">\n\t\t\t\t\t\t<div class=\"elementor-container elementor-column-gap-default\">\n\t\t\t\t\t<div class=\"elementor-column elementor-col-33 elementor-top-column elementor-element elementor-element-7e67466\" data-id=\"7e67466\" data-element_type=\"column\">\n\t\t\t<div class=\"elementor-widget-wrap elementor-element-populated\">\n\t\t\t\t\t\t<div class=\"elementor-element elementor-element-35186d7 elementor-widget elementor-widget-image\" data-id=\"35186d7\" data-element_type=\"widget\" data-widget_type=\"image.default\">\n\t\t\t\t\t\t\t\t\t\t\t\t\t\t\t<img loading=\"lazy\" decoding=\"async\" width=\"865\" height=\"435\" src=\"https:\/\/marvpsru.org\/wp-content\/uploads\/2022\/10\/newflower.jpg\" class=\"attachment-full size-full wp-image-8467\" alt=\"\" srcset=\"https:\/\/marvpsru.org\/wp-content\/uploads\/2022\/10\/newflower.jpg 865w, https:\/\/marvpsru.org\/wp-content\/uploads\/2022\/10\/newflower-300x151.jpg 300w, https:\/\/marvpsru.org\/wp-content\/uploads\/2022\/10\/newflower-768x386.jpg 768w, https:\/\/marvpsru.org\/wp-content\/uploads\/2022\/10\/newflower-18x9.jpg 18w, https:\/\/marvpsru.org\/wp-content\/uploads\/2022\/10\/newflower-600x302.jpg 600w\" sizes=\"auto, (max-width: 865px) 100vw, 865px\" \/>\t\t\t\t\t\t\t\t\t\t\t\t\t\t\t<\/div>\n\t\t\t\t<div class=\"elementor-element elementor-element-c19a2d5 elementor-widget elementor-widget-text-editor\" data-id=\"c19a2d5\" data-element_type=\"widget\" data-widget_type=\"text-editor.default\">\n\t\t\t\t\t\t\t\t\t<p>Mauritius Arya Ravi Ved Pracharini Sabha s'occupe de la propagation de la philosophie v\u00e9dique. Elle travaille en collaboration avec d'autres organisations s\u0153urs dans le but de maintenir un \u00e9quilibre social en maintenant la paix et l'harmonie dans le pays.<\/p><ul><li>Il organise\/c\u00e9l\u00e8bre des festivals v\u00e9diques tels que Makar Sankranti, Vasant Panchammi, Rishi Bodh, Dayanand Jayanti, Holak Utsaw (Holi), Arya Samaj Sthapna Diwas, Naw Samvatsar\/Ugadi (Nouvel An aryen), Shrawani Upakarma Mahotsaw, Rishi Nirvan Diwas\/Deepavali , Shradhan et Balidan Diwas. En tant que partenaire social du gouvernement, la Sabha s&#039;aligne sur les d\u00e9cisions politiques de celui-ci.<\/li><li>Il communique \/ diffuse des informations \u00e0 ses membres concernant les d\u00e9cisions politiques  gouvernemental pour permettre au Gouvernement pour l'aider \u00e0 atteindre ses objectifs.<\/li><li>Le Sabha exprime ses opinions sur des questions sensibles et soumet un m\u00e9morandum au Gouvernement au fur et \u00e0 mesure des besoins.<\/li><li>Le Women's Wing, sous la direction de femmes pr\u00eatres (Punditas), joue un r\u00f4le important dans la soci\u00e9t\u00e9. Toutes les associations f\u00e9minines travaillent en collaboration avec le minist\u00e8re des droits des femmes.<\/li><li>Elle travaille en collaboration avec d'autres organisations proches dans le but de maintenir un \u00e9quilibre social en maintenant la paix et l'harmonie dans le pays. Il suit de pr\u00e8s les d\u00e9cisions politiques du Gouvernement. Il communique \/ diffuse des informations relatives au strat\u00e9gies governementales \u00e0 ses membres.<\/li><\/ul><p>Le MARVPS a \u00e9t\u00e9 mis en place avec les objectifs suivants :<\/p><ul><li>Promouvoir le bien-\u00eatre social, intellectuel, physique, moral, culturel et \u00e9conomique des membres.<\/li><li>Cr\u00e9er et entretenir des \u00e9coles, des institutions caritatives et philanthropiques.<\/li><li>\u00c9tablir et entretenir des temples v\u00e9diques.<\/li><li>Organiser des r\u00e9unions et tenir des conf\u00e9rences sur des sujets historiques\/religieux\/philosophiques.<\/li><li>Encourager l&#039;art (Peinture, Musique) et les Scouts.<\/li><li>Aider et accorder une aide financi\u00e8re aux \u00e9tudiants prometteurs.<\/li><li>Maintenir un fonds de bourses d&#039;\u00e9tudes.<\/li><li>Promouvoir un programme d&#039;allocations fun\u00e9raires aux membres d\u00e9c\u00e9d\u00e9s.<\/li><li>Diriger une institution de formation de pr\u00eatres pour former des pr\u00eatres menant des cours menant \u00e0 un certificat \/ dipl\u00f4me reconnu dans la pr\u00eatrise Arya Samajist.<\/li><\/ul>\t\t\t\t\t\t\t\t<\/div>\n\t\t\t\t<div class=\"elementor-element elementor-element-cd557e2 elementor-widget elementor-widget-heading\" data-id=\"cd557e2\" data-element_type=\"widget\" data-widget_type=\"heading.default\">\n\t\t\t\t\t<h4 class=\"elementor-heading-title elementor-size-default\">Charte de la Matri Sabha<\/h4>\t\t\t\t<\/div>\n\t\t\t\t<div class=\"elementor-element elementor-element-f81f783 elementor-widget elementor-widget-text-editor\" data-id=\"f81f783\" data-element_type=\"widget\" data-widget_type=\"text-editor.default\">\n\t\t\t\t\t\t\t\t\t<p>Cliquez sur le lien ci-dessous pour t\u00e9l\u00e9charger la Charte (Fichier PDF \u2013 13,5 Mo) Charte-MARVPS<\/p>\t\t\t\t\t\t\t\t<\/div>\n\t\t\t\t<div class=\"elementor-element elementor-element-02b9336 elementor-widget elementor-widget-heading\" data-id=\"02b9336\" data-element_type=\"widget\" data-widget_type=\"heading.default\">\n\t\t\t\t\t<h4 class=\"elementor-heading-title elementor-size-default\">salle<\/h4>\t\t\t\t<\/div>\n\t\t\t\t<div class=\"elementor-element elementor-element-b2543be elementor-widget elementor-widget-text-editor\" data-id=\"b2543be\" data-element_type=\"widget\" data-widget_type=\"text-editor.default\">\n\t\t\t\t\t\t\t\t\t<p><span style=\"font-weight: 400;\">La salle est disponible \u00e0 la location. Contactez le commis de bureau pour plus de d\u00e9tails..<\/span><\/p>\t\t\t\t\t\t\t\t<\/div>\n\t\t\t\t<section class=\"elementor-section elementor-inner-section elementor-element elementor-element-17068c5 elementor-section-boxed elementor-section-height-default elementor-section-height-default\" data-id=\"17068c5\" data-element_type=\"section\" data-settings=\"{&quot;background_background&quot;:&quot;classic&quot;}\">\n\t\t\t\t\t\t<div class=\"elementor-container elementor-column-gap-default\">\n\t\t\t\t\t<div class=\"elementor-column elementor-col-50 elementor-inner-column elementor-element elementor-element-cee8fa3\" data-id=\"cee8fa3\" data-element_type=\"column\">\n\t\t\t<div class=\"elementor-widget-wrap elementor-element-populated\">\n\t\t\t\t\t\t<div class=\"elementor-element elementor-element-50aed30 elementor-widget elementor-widget-video\" data-id=\"50aed30\" data-element_type=\"widget\" data-settings=\"{&quot;youtube_url&quot;:&quot;https:\\\/\\\/www.youtube.com\\\/watch?v=XHOmBV4js_E&quot;,&quot;video_type&quot;:&quot;youtube&quot;,&quot;controls&quot;:&quot;yes&quot;}\" data-widget_type=\"video.default\">\n\t\t\t\t\t\t\t<div class=\"elementor-wrapper elementor-open-inline\">\n\t\t\t<div class=\"elementor-video\"><\/div>\t\t<\/div>\n\t\t\t\t\t\t<\/div>\n\t\t\t\t\t<\/div>\n\t\t<\/div>\n\t\t\t\t<div class=\"elementor-column elementor-col-50 elementor-inner-column elementor-element elementor-element-a335141\" data-id=\"a335141\" data-element_type=\"column\">\n\t\t\t<div class=\"elementor-widget-wrap elementor-element-populated\">\n\t\t\t\t\t\t<div class=\"elementor-element elementor-element-953129b elementor-widget elementor-widget-heading\" data-id=\"953129b\" data-element_type=\"widget\" data-widget_type=\"heading.default\">\n\t\t\t\t\t<h3 class=\"elementor-heading-title elementor-size-default\">D\u00e9couvrez votre style personnel et la confiance qui l&#039;accompagne.<\/h3>\t\t\t\t<\/div>\n\t\t\t\t<div class=\"elementor-element elementor-element-955d43d elementor-widget elementor-widget-button\" data-id=\"955d43d\" data-element_type=\"widget\" data-widget_type=\"button.default\">\n\t\t\t\t\t\t\t\t\t\t<a class=\"elementor-button elementor-button-link elementor-size-md elementor-animation-grow\" href=\"#\">\n\t\t\t\t\t\t<span class=\"elementor-button-content-wrapper\">\n\t\t\t\t\t\t<span class=\"elementor-button-icon\">\n\t\t\t\t<i aria-hidden=\"true\" class=\"fas fa-arrow-right\"><\/i>\t\t\t<\/span>\n\t\t\t\t\t\t\t\t\t<span class=\"elementor-button-text\">Lire la suite<\/span>\n\t\t\t\t\t<\/span>\n\t\t\t\t\t<\/a>\n\t\t\t\t\t\t\t\t<\/div>\n\t\t\t\t\t<\/div>\n\t\t<\/div>\n\t\t\t\t\t<\/div>\n\t\t<\/section>\n\t\t\t\t\t<\/div>\n\t\t<\/div>\n\t\t\t\t<div class=\"elementor-column elementor-col-33 elementor-top-column elementor-element elementor-element-cb744ff\" data-id=\"cb744ff\" data-element_type=\"column\">\n\t\t\t<div class=\"elementor-widget-wrap\">\n\t\t\t\t\t\t\t<\/div>\n\t\t<\/div>\n\t\t\t\t<div class=\"elementor-column elementor-col-33 elementor-top-column elementor-element elementor-element-f0bd593 elementor-hidden-mobile\" data-id=\"f0bd593\" data-element_type=\"column\">\n\t\t\t<div class=\"elementor-widget-wrap elementor-element-populated\">\n\t\t\t\t\t\t<div class=\"elementor-element elementor-element-a98cace elementor-widget elementor-widget-sidebar\" data-id=\"a98cace\" data-element_type=\"widget\" data-widget_type=\"sidebar.default\">\n\t\t\t\t\t<aside id=\"block-2\" class=\"widget widget_block widget_search\"><form role=\"search\" method=\"get\" action=\"https:\/\/marvpsru.org\/fr\/\" class=\"wp-block-search__button-outside wp-block-search__text-button wp-block-search\" data-trp-original-action=\"https:\/\/marvpsru.org\/fr\/\"    ><label class=\"wp-block-search__label\" for=\"wp-block-search__input-1\" >Rechercher<\/label><div class=\"wp-block-search__inside-wrapper\" ><input class=\"wp-block-search__input\" id=\"wp-block-search__input-1\" placeholder=\"\" value=\"\" type=\"search\" name=\"s\" required \/><button aria-label=\"Rechercher\" class=\"wp-block-search__button wp-element-button\" type=\"submit\" >Rechercher<\/button><\/div><input type=\"hidden\" name=\"trp-form-language\" value=\"fr\"\/><\/form><\/aside><aside id=\"block-26\" class=\"widget widget_block\">\n<div class=\"wp-block-group is-layout-flow wp-block-group-is-layout-flow\">\n<div class=\"wp-block-columns is-layout-flex wp-container-core-columns-is-layout-28f84493 wp-block-columns-is-layout-flex\">\n<div class=\"wp-block-column is-layout-flow wp-block-column-is-layout-flow\" style=\"flex-basis:100%\">\n<div class=\"inherit-container-width wp-block-group is-layout-constrained wp-block-group-is-layout-constrained\">\n<h3 class=\"wp-block-heading\" id=\"recent-posts\">Messages r\u00e9cents<\/h3>\n\n\n<ul class=\"wp-block-latest-posts__list alignleft wp-block-latest-posts\"><li><div class=\"wp-block-latest-posts__featured-image alignleft\"><img loading=\"lazy\" decoding=\"async\" width=\"150\" height=\"150\" src=\"https:\/\/marvpsru.org\/wp-content\/uploads\/2026\/02\/Rishi-Bodh-150x150.jpeg\" class=\"attachment-thumbnail size-thumbnail wp-post-image\" alt=\"\" style=\"max-width:75px;max-height:75px;\" srcset=\"https:\/\/marvpsru.org\/wp-content\/uploads\/2026\/02\/Rishi-Bodh-150x150.jpeg 150w, https:\/\/marvpsru.org\/wp-content\/uploads\/2026\/02\/Rishi-Bodh-300x300.jpeg 300w, https:\/\/marvpsru.org\/wp-content\/uploads\/2026\/02\/Rishi-Bodh-100x100.jpeg 100w\" sizes=\"auto, (max-width: 150px) 100vw, 150px\" \/><\/div><a class=\"wp-block-latest-posts__post-title\" href=\"https:\/\/marvpsru.org\/fr\/rishi-bodh2026\/\">Maharshi Dayanand Jayanti &amp; Rishi Bodh Utsav<\/a><\/li>\n<li><div class=\"wp-block-latest-posts__featured-image alignleft\"><img loading=\"lazy\" decoding=\"async\" width=\"150\" height=\"150\" src=\"https:\/\/marvpsru.org\/wp-content\/uploads\/2022\/06\/279604419_320605310144743_979733717705666218_n-150x150.jpg\" class=\"attachment-thumbnail size-thumbnail wp-post-image\" alt=\"\" style=\"max-width:75px;max-height:75px;\" srcset=\"https:\/\/marvpsru.org\/wp-content\/uploads\/2022\/06\/279604419_320605310144743_979733717705666218_n-150x150.jpg 150w, https:\/\/marvpsru.org\/wp-content\/uploads\/2022\/06\/279604419_320605310144743_979733717705666218_n-300x300.jpg 300w, https:\/\/marvpsru.org\/wp-content\/uploads\/2022\/06\/279604419_320605310144743_979733717705666218_n-100x100.jpg 100w\" sizes=\"auto, (max-width: 150px) 100vw, 150px\" \/><\/div><a class=\"wp-block-latest-posts__post-title\" href=\"https:\/\/marvpsru.org\/fr\/marvps-extended-financial-support-to-a-needy-family\/\">MARVPS a \u00e9tendu son soutien financier \u00e0 une famille dans le besoin<\/a><\/li>\n<li><div class=\"wp-block-latest-posts__featured-image alignleft\"><img loading=\"lazy\" decoding=\"async\" width=\"150\" height=\"150\" src=\"https:\/\/marvpsru.org\/wp-content\/uploads\/2022\/06\/279917870_321867513351856_8035808893326351545_n-150x150.jpg\" class=\"attachment-thumbnail size-thumbnail wp-post-image\" alt=\"\" style=\"max-width:75px;max-height:75px;\" srcset=\"https:\/\/marvpsru.org\/wp-content\/uploads\/2022\/06\/279917870_321867513351856_8035808893326351545_n-150x150.jpg 150w, https:\/\/marvpsru.org\/wp-content\/uploads\/2022\/06\/279917870_321867513351856_8035808893326351545_n-300x300.jpg 300w, https:\/\/marvpsru.org\/wp-content\/uploads\/2022\/06\/279917870_321867513351856_8035808893326351545_n-100x100.jpg 100w\" sizes=\"auto, (max-width: 150px) 100vw, 150px\" \/><\/div><a class=\"wp-block-latest-posts__post-title\" href=\"https:\/\/marvpsru.org\/fr\/swami-ritaspatiji-meets-with-the-mc-members-of-marvps-and-members-of-surya-bhawan-at-solferino\/\">Swami Ritaspatiji rencontre les membres MC de MARVPS et les membres de Surya Bhawan \u00e0 Solferino.<\/a><\/li>\n<li><div class=\"wp-block-latest-posts__featured-image alignleft\"><img loading=\"lazy\" decoding=\"async\" width=\"150\" height=\"150\" src=\"https:\/\/marvpsru.org\/wp-content\/uploads\/2022\/10\/Arya-Ravi-Ved-2-150x150.jpg\" class=\"attachment-thumbnail size-thumbnail wp-post-image\" alt=\"Arya-Ravi-Ved-2\" style=\"max-width:75px;max-height:75px;\" srcset=\"https:\/\/marvpsru.org\/wp-content\/uploads\/2022\/10\/Arya-Ravi-Ved-2-150x150.jpg 150w, https:\/\/marvpsru.org\/wp-content\/uploads\/2022\/10\/Arya-Ravi-Ved-2-300x300.jpg 300w, https:\/\/marvpsru.org\/wp-content\/uploads\/2022\/10\/Arya-Ravi-Ved-2-100x100.jpg 100w\" sizes=\"auto, (max-width: 150px) 100vw, 150px\" \/><\/div><a class=\"wp-block-latest-posts__post-title\" href=\"https:\/\/marvpsru.org\/fr\/yaj-at-bois-doiseaux-organised-by-the-mahila-samaj\/\">Yaj au Bois D&#039;oiseaux organis\u00e9 par le Mahila Samaj<\/a><\/li>\n<li><div class=\"wp-block-latest-posts__featured-image alignleft\"><img loading=\"lazy\" decoding=\"async\" width=\"150\" height=\"150\" src=\"https:\/\/marvpsru.org\/wp-content\/uploads\/2022\/03\/Satsang-1536x1152-1-150x150.jpg\" class=\"attachment-thumbnail size-thumbnail wp-post-image\" alt=\"\" style=\"max-width:75px;max-height:75px;\" srcset=\"https:\/\/marvpsru.org\/wp-content\/uploads\/2022\/03\/Satsang-1536x1152-1-150x150.jpg 150w, https:\/\/marvpsru.org\/wp-content\/uploads\/2022\/03\/Satsang-1536x1152-1-100x100.jpg 100w\" sizes=\"auto, (max-width: 150px) 100vw, 150px\" \/><\/div><a class=\"wp-block-latest-posts__post-title\" href=\"https:\/\/marvpsru.org\/fr\/satsang-at-triolet-marvps-shakha-22-may-2022\/\">Satsang au Triolet MARVPS Shakha \u2013 22 mai 2022<\/a><\/li>\n<\/ul><\/div>\n<\/div>\n<\/div>\n<\/div>\n<\/aside><aside id=\"block-4\" class=\"widget widget_block\">\n<div class=\"wp-block-group is-layout-flow wp-block-group-is-layout-flow\">\n<h3 class=\"wp-block-heading\" id=\"recent-comments\">Commentaires r\u00e9cents<\/h3>\n\n\n<div class=\"no-comments wp-block-latest-comments\">Aucun commentaire \u00e0 afficher.<\/div><\/div>\n<\/aside><aside id=\"block-5\" class=\"widget widget_block\">\n<div class=\"wp-block-group is-layout-flow wp-block-group-is-layout-flow\">\n<h3 class=\"wp-block-heading\" id=\"archives\">Les archives<\/h3>\n\n\n<ul class=\"wp-block-archives-list wp-block-archives\">\t<li><a href='https:\/\/marvpsru.org\/fr\/2026\/02\/'>f\u00e9vrier 2026<\/a><\/li>\n\t<li><a href='https:\/\/marvpsru.org\/fr\/2022\/06\/'>juin 2022<\/a><\/li>\n\t<li><a href='https:\/\/marvpsru.org\/fr\/2022\/04\/'>avril 2022<\/a><\/li>\n\t<li><a href='https:\/\/marvpsru.org\/fr\/2022\/03\/'>mars 2022<\/a><\/li>\n\t<li><a href='https:\/\/marvpsru.org\/fr\/2019\/07\/'>juillet 2019<\/a><\/li>\n\t<li><a href='https:\/\/marvpsru.org\/fr\/2014\/02\/'>f\u00e9vrier 2014<\/a><\/li>\n\t<li><a href='https:\/\/marvpsru.org\/fr\/2011\/10\/'>octobre 2011<\/a><\/li>\n<\/ul><\/div>\n<\/aside><aside id=\"categories-1\" class=\"widget widget_categories\"><h2 class=\"widget-title\">Cat\u00e9gories<\/h2><nav aria-label=\"Cat\u00e9gories\">\n\t\t\t<ul>\n\t\t\t\t\t<li class=\"cat-item cat-item-34\"><a href=\"https:\/\/marvpsru.org\/fr\/category\/committee-member\/\">Membre du comit\u00e9<\/a>\n<\/li>\n\t<li class=\"cat-item cat-item-9\"><a href=\"https:\/\/marvpsru.org\/fr\/category\/elections\/\">\u00c9lections<\/a>\n<\/li>\n\t<li class=\"cat-item cat-item-33\"><a href=\"https:\/\/marvpsru.org\/fr\/category\/general-member\/\">Membre g\u00e9n\u00e9ral<\/a>\n<\/li>\n\t<li class=\"cat-item cat-item-36\"><a href=\"https:\/\/marvpsru.org\/fr\/category\/press-release\/\">Communiqu\u00e9 de presse<\/a>\n<\/li>\n\t<li class=\"cat-item cat-item-35\"><a href=\"https:\/\/marvpsru.org\/fr\/category\/priests\/\">Pr\u00eatres<\/a>\n<\/li>\n\t<li class=\"cat-item cat-item-32\"><a href=\"https:\/\/marvpsru.org\/fr\/category\/public\/\">Public<\/a>\n<\/li>\n\t\t\t<\/ul>\n\n\t\t\t<\/nav><\/aside>\t\t\t\t<\/div>\n\t\t\t\t\t<\/div>\n\t\t<\/div>\n\t\t\t\t\t<\/div>\n\t\t<\/section>\n\t\t\t\t<\/div>","protected":false},"excerpt":{"rendered":"<p>The Matri Sabha Mauritius Arya Ravi Ved Pracharini Sabha caters for the propagation of Vedic Philosophy. It works in conjunction with other sister organizations with a view to keep a [&hellip;]<\/p>","protected":false},"author":1,"featured_media":0,"parent":0,"menu_order":0,"comment_status":"open","ping_status":"closed","template":"","meta":{"_uag_custom_page_level_css":"","site-sidebar-layout":"no-sidebar","site-content-layout":"page-builder","ast-site-content-layout":"default","site-content-style":"default","site-sidebar-style":"default","ast-global-header-display":"","ast-banner-title-visibility":"","ast-main-header-display":"","ast-hfb-above-header-display":"","ast-hfb-below-header-display":"","ast-hfb-mobile-header-display":"","site-post-title":"disabled","ast-breadcrumbs-content":"","ast-featured-img":"disabled","footer-sml-layout":"","theme-transparent-header-meta":"","adv-header-id-meta":"","stick-header-meta":"","header-above-stick-meta":"","header-main-stick-meta":"","header-below-stick-meta":"","astra-migrate-meta-layouts":"default","ast-page-background-enabled":"default","ast-page-background-meta":{"desktop":{"background-color":"","background-image":"","background-repeat":"repeat","background-position":"center center","background-size":"auto","background-attachment":"scroll","background-type":"","background-media":"","overlay-type":"","overlay-color":"","overlay-opacity":"","overlay-gradient":""},"tablet":{"background-color":"","background-image":"","background-repeat":"repeat","background-position":"center center","background-size":"auto","background-attachment":"scroll","background-type":"","background-media":"","overlay-type":"","overlay-color":"","overlay-opacity":"","overlay-gradient":""},"mobile":{"background-color":"","background-image":"","background-repeat":"repeat","background-position":"center center","background-size":"auto","background-attachment":"scroll","background-type":"","background-media":"","overlay-type":"","overlay-color":"","overlay-opacity":"","overlay-gradient":""}},"ast-content-background-meta":{"desktop":{"background-color":"var(--ast-global-color-5)","background-image":"","background-repeat":"repeat","background-position":"center center","background-size":"auto","background-attachment":"scroll","background-type":"","background-media":"","overlay-type":"","overlay-color":"","overlay-opacity":"","overlay-gradient":""},"tablet":{"background-color":"var(--ast-global-color-5)","background-image":"","background-repeat":"repeat","background-position":"center center","background-size":"auto","background-attachment":"scroll","background-type":"","background-media":"","overlay-type":"","overlay-color":"","overlay-opacity":"","overlay-gradient":""},"mobile":{"background-color":"var(--ast-global-color-5)","background-image":"","background-repeat":"repeat","background-position":"center center","background-size":"auto","background-attachment":"scroll","background-type":"","background-media":"","overlay-type":"","overlay-color":"","overlay-opacity":"","overlay-gradient":""}},"footnotes":""},"class_list":["post-2183","page","type-page","status-publish","hentry"],"uagb_featured_image_src":{"full":false,"thumbnail":false,"medium":false,"medium_large":false,"large":false,"1536x1536":false,"2048x2048":false,"trp-custom-language-flag":false,"woocommerce_thumbnail":false,"woocommerce_single":false,"woocommerce_gallery_thumbnail":false},"uagb_author_info":{"display_name":"admin","author_link":"https:\/\/marvpsru.org\/fr\/author\/admin\/"},"uagb_comment_info":0,"uagb_excerpt":"The Matri Sabha Mauritius Arya Ravi Ved Pracharini Sabha caters for the propagation of Vedic Philosophy. It works in conjunction with other sister organizations with a view to keep a [&hellip;]","_links":{"self":[{"href":"https:\/\/marvpsru.org\/fr\/wp-json\/wp\/v2\/pages\/2183","targetHints":{"allow":["GET"]}}],"collection":[{"href":"https:\/\/marvpsru.org\/fr\/wp-json\/wp\/v2\/pages"}],"about":[{"href":"https:\/\/marvpsru.org\/fr\/wp-json\/wp\/v2\/types\/page"}],"author":[{"embeddable":true,"href":"https:\/\/marvpsru.org\/fr\/wp-json\/wp\/v2\/users\/1"}],"replies":[{"embeddable":true,"href":"https:\/\/marvpsru.org\/fr\/wp-json\/wp\/v2\/comments?post=2183"}],"version-history":[{"count":0,"href":"https:\/\/marvpsru.org\/fr\/wp-json\/wp\/v2\/pages\/2183\/revisions"}],"wp:attachment":[{"href":"https:\/\/marvpsru.org\/fr\/wp-json\/wp\/v2\/media?parent=2183"}],"curies":[{"name":"wp","href":"https:\/\/api.w.org\/{rel}","templated":true}]}}